{"id":9855,"date":"2018-03-11T13:44:32","date_gmt":"2018-03-11T13:44:32","guid":{"rendered":"https:\/\/barodevel.com\/?page_id=9855"},"modified":"2022-09-02T08:39:48","modified_gmt":"2022-09-02T08:39:48","slug":"dates-2020-2021","status":"publish","type":"page","link":"https:\/\/barodevel.com\/en\/dates\/dates-2020-2021\/","title":{"rendered":"Dates 2020-2021"},"content":{"rendered":"<div class=\"wpb-content-wrapper\"><p>[vc_row padding_top_multiplier=&#8221;2x&#8221; padding_bottom_multiplier=&#8221;&#8221; equal_column_height=&#8221;equal-column&#8221;][vc_column vertical_content_position=&#8221;middle&#8221; width=&#8221;1\/3&#8243; mobile_width=&#8221;1-4&#8243; text_align=&#8221;center&#8221;]<style type=\"text\/css\">.grve-title-gradient.grve-title-69deab94eecb2 > span,.grve-title-gradient.grve-title-69deab94eecb2 .grve-clipping-content > span {color: #ff9f00;background-image: -moz-linear-gradient(-45deg, #ff9f00 0%, #ff9f00 100%);background-image: -webkit-linear-gradient(-45deg, #ff9f00 0%, #ff9f00 100%);background-image: linear-gradient(135deg, #ff9f00 0%, #ff9f00 100%);}<\/style><h4 class=\"grve-element grve-title grve-align-right grve-h4 grve-increase-heading grve-heading-120 grve-title-gradient grve-title-69deab94eecb2\" style=\"margin-bottom: 32px;\"><span><a href=\"https:\/\/barodevel.com\/en\/dates\/dates-2019-2020\/\">e<\/a><\/span><\/h4>[\/vc_column][vc_column vertical_content_position=&#8221;middle&#8221; width=&#8221;1\/3&#8243; mobile_width=&#8221;1-2&#8243;]<style type=\"text\/css\">.grve-title-gradient.grve-title-69deab94eece6 > span,.grve-title-gradient.grve-title-69deab94eece6 .grve-clipping-content > span {color: #ff9f00;background-image: -moz-linear-gradient(-45deg, #ff9f00 0%, #ff9f00 100%);background-image: -webkit-linear-gradient(-45deg, #ff9f00 0%, #ff9f00 100%);background-image: linear-gradient(135deg, #ff9f00 0%, #ff9f00 100%);}<\/style><h4 class=\"grve-element grve-title grve-align-center grve-h4 grve-title-gradient grve-title-69deab94eece6\" style=\"margin-bottom: 32px;\"><span>\u00e7\u00f9\u00e7\u00f9\u00d6\u00e7\u00f9\u00e7\u00e2<\/span><\/h4>[\/vc_column][vc_column width=&#8221;1\/3&#8243; mobile_width=&#8221;1-4&#8243;]<style type=\"text\/css\">.grve-title-gradient.grve-title-69deab94eed02 > span,.grve-title-gradient.grve-title-69deab94eed02 .grve-clipping-content > span {color: #ff9f00;background-image: -moz-linear-gradient(-45deg, #ff9f00 0%, #ff9f00 100%);background-image: -webkit-linear-gradient(-45deg, #ff9f00 0%, #ff9f00 100%);background-image: linear-gradient(135deg, #ff9f00 0%, #ff9f00 100%);}<\/style><h4 class=\"grve-element grve-title grve-align-left grve-h4 grve-increase-heading grve-heading-120 grve-title-gradient grve-title-69deab94eed02\" style=\"margin-bottom: 32px;\"><span><a href=\"https:\/\/barodevel.com\/en\/dates\/dates-2021-2022\/\">d<\/a><\/span><\/h4>[\/vc_column][\/vc_row][vc_row padding_bottom_multiplier=&#8221;2x&#8221;][vc_column][vc_tta_accordion title_tag=&#8221;h4&#8243; c_align=&#8221;center&#8221; c_icon=&#8221;&#8221; active_section=&#8221;99&#8243; accordion_style=&#8221;style-2&#8243; heading_tag=&#8221;h4&#8243; heading=&#8221;h4&#8243;][vc_tta_section title=&#8221;FALAISE&#8221; tab_id=&#8221;1657867959020-5ca86889-8303&#8243;][vc_column_text]\n<table id=\"tablepress-33\" class=\"tablepress tablepress-id-33\">\n<tbody>\n<tr class=\"row-1\">\n\t<td class=\"column-1\"><h4>NOVEMBER<\/h4><\/td><td class=\"column-2\"><\/td>\n<\/tr>\n<tr class=\"row-2\">\n\t<td class=\"column-1\">11-19<\/td><td class=\"column-2\"><del datetime=\"2022-08-03T18:26:27+00:00\"><strong>Milan (IT)<\/strong>  \u239c  Piccolo Teatro  \u239c  8&nbsp;performances<\/del> (COVID cancellation)<\/td>\n<\/tr>\n<tr class=\"row-3\">\n\t<td class=\"column-1\">27-30<\/td><td class=\"column-2\"><del datetime=\"2022-08-03T18:26:27+00:00\"><strong>Lille<\/strong>  \u239c  Th\u00e9\u00e2tre du Nord  \u239c  4&nbsp;performances<\/del> (COVID cancellation)<\/td>\n<\/tr>\n<tr class=\"row-4\">\n\t<td class=\"column-1\"><\/td><td class=\"column-2\"><\/td>\n<\/tr>\n<tr class=\"row-5\">\n\t<td class=\"column-1\"><h4>DECEMBER<\/h4><\/td><td class=\"column-2\"><\/td>\n<\/tr>\n<tr class=\"row-6\">\n\t<td class=\"column-1\">01<\/td><td class=\"column-2\"><del datetime=\"2022-08-03T18:26:27+00:00\"><strong>Lille<\/strong>  \u239c  Th\u00e9\u00e2tre du Nord  \u239c  4&nbsp;performances<\/del> (COVID cancellation)<\/td>\n<\/tr>\n<tr class=\"row-7\">\n\t<td class=\"column-1\"><\/td><td class=\"column-2\"><\/td>\n<\/tr>\n<tr class=\"row-8\">\n\t<td class=\"column-1\"><h4>JANUARY<\/h4><\/td><td class=\"column-2\"><\/td>\n<\/tr>\n<tr class=\"row-9\">\n\t<td class=\"column-1\">23-24<\/td><td class=\"column-2\"><del datetime=\"2022-08-03T18:26:27+00:00\"><strong>Porto (PT)<\/strong>  \u239c  Teatro Rivoli  \u239c  2&nbsp;performances<\/del> (COVID postponment)<\/td>\n<\/tr>\n<tr class=\"row-10\">\n\t<td class=\"column-1\"><\/td><td class=\"column-2\"><\/td>\n<\/tr>\n<tr class=\"row-11\">\n\t<td class=\"column-1\"><h4>FEBRUARY<\/h4><\/td><td class=\"column-2\"><\/td>\n<\/tr>\n<tr class=\"row-12\">\n\t<td class=\"column-1\">26-27<\/td><td class=\"column-2\"><del datetime=\"2022-08-03T18:26:27+00:00\"><strong>Charleroi (BE)<\/strong>  \u239c  Palais des Beaux-Arts \u239c  2&nbsp;performances<\/del> (COVID postponment)<\/td>\n<\/tr>\n<tr class=\"row-13\">\n\t<td class=\"column-1\"><\/td><td class=\"column-2\"><\/td>\n<\/tr>\n<tr class=\"row-14\">\n\t<td class=\"column-1\"><h4>MARCH<\/h4><\/td><td class=\"column-2\"><\/td>\n<\/tr>\n<tr class=\"row-15\">\n\t<td class=\"column-1\">23<\/td><td class=\"column-2\"><del datetime=\"2022-08-03T18:26:27+00:00\"><strong>Vire<\/strong>  \u239c  Festival SPRING \/ Le Pr\u00e9au  \u239c  1&nbsp;performances<\/del> (COVID cancellation)<\/td>\n<\/tr>\n<tr class=\"row-16\">\n\t<td class=\"column-1\"><\/td><td class=\"column-2\"><\/td>\n<\/tr>\n<tr class=\"row-17\">\n\t<td class=\"column-1\"><h4>AVRIL<\/h4><\/td><td class=\"column-2\"><\/td>\n<\/tr>\n<tr class=\"row-18\">\n\t<td class=\"column-1\">15-17<\/td><td class=\"column-2\"><del datetime=\"2022-08-03T18:26:27+00:00\"><strong>S\u00e9nart<\/strong>  \u239c  Th\u00e9\u00e2tre-S\u00e9nart, sc\u00e8ne nationale  \u239c  3&nbsp;performances (COVID cancellation)<\/del><\/td>\n<\/tr>\n<tr class=\"row-19\">\n\t<td class=\"column-1\"><\/td><td class=\"column-2\"><\/td>\n<\/tr>\n<tr class=\"row-20\">\n\t<td class=\"column-1\"><h4>MAY<\/h4><\/td><td class=\"column-2\"><\/td>\n<\/tr>\n<tr class=\"row-21\">\n\t<td class=\"column-1\">14-15<\/td><td class=\"column-2\"><strong>Sevilla (ESP)<\/strong>  \u239c  Teatro Central  \u239c  2&nbsp;performances<\/td>\n<\/tr>\n<tr class=\"row-22\">\n\t<td class=\"column-1\">27-31<\/td><td class=\"column-2\"><strong>Toulouse<\/strong>  \u239c  Th\u00e9\u00e2tredelaCit\u00e9 avec le th\u00e9\u00e2tre Garonne\u239c 6&nbsp;performances<\/td>\n<\/tr>\n<tr class=\"row-23\">\n\t<td class=\"column-1\"><\/td><td class=\"column-2\"><\/td>\n<\/tr>\n<tr class=\"row-24\">\n\t<td class=\"column-1\"><h4>JUNE<\/h4><\/td><td class=\"column-2\"><\/td>\n<\/tr>\n<tr class=\"row-25\">\n\t<td class=\"column-1\">01-02<\/td><td class=\"column-2\"><strong>Toulouse<\/strong>  \u239c  Th\u00e9\u00e2tredelaCit\u00e9 avec le th\u00e9\u00e2tre Garonne\u239c 6&nbsp;performances<\/td>\n<\/tr>\n<tr class=\"row-26\">\n\t<td class=\"column-1\">17-19<\/td><td class=\"column-2\"><strong>Bordeaux<\/strong>  \u239c  Th\u00e9\u00e2tre national de Bordeaux en Aquitaine\u239c 3&nbsp;performances<\/td>\n<\/tr>\n<tr class=\"row-27\">\n\t<td class=\"column-1\">24-26<\/td><td class=\"column-2\"><strong>Brive<\/strong>  \u239c  L'Empreinte, sc\u00e8ne nationale Brive-Tulle\u239c 3&nbsp;performances<\/td>\n<\/tr>\n<tr class=\"row-28\">\n\t<td class=\"column-1\"><\/td><td class=\"column-2\"><\/td>\n<\/tr>\n<tr class=\"row-29\">\n\t<td class=\"column-1\"><h4>JULY<\/h4><\/td><td class=\"column-2\"><\/td>\n<\/tr>\n<tr class=\"row-30\">\n\t<td class=\"column-1\">02-04<\/td><td class=\"column-2\"><strong>Strasbourg<\/strong>  \u239c  Le Maillon Th\u00e9\u00e2tre de Strasbourg  \u239c 3&nbsp;performances<\/td>\n<\/tr>\n<\/tbody>\n<\/table>\n<!-- #tablepress-33 from cache -->[\/vc_column_text][\/vc_tta_section][vc_tta_section title=&#8221;L\u00c0&#8221; tab_id=&#8221;1657869424946-51978d3b-ebf6&#8243;][vc_column_text]\n<table id=\"tablepress-34\" class=\"tablepress tablepress-id-34\">\n<tbody>\n<tr class=\"row-1\">\n\t<td class=\"column-1\"><h4>SEPTEMBER<\/h4><\/td><td class=\"column-2\"><\/td>\n<\/tr>\n<tr class=\"row-2\">\n\t<td class=\"column-1\">22-24<\/td><td class=\"column-2\"><strong>Pau<\/strong>  \u239c  Espaces Pluriels  \u239c  3&nbsp;performances<\/td>\n<\/tr>\n<tr class=\"row-3\">\n\t<td class=\"column-1\">30<\/td><td class=\"column-2\"><strong>Malakoff<\/strong>  \u239c  Th\u00e9\u00e2tre 71  \u239c  4&nbsp;performances<\/td>\n<\/tr>\n<tr class=\"row-4\">\n\t<td class=\"column-1\"><\/td><td class=\"column-2\"><\/td>\n<\/tr>\n<tr class=\"row-5\">\n\t<td class=\"column-1\"><h4>OCTOBER<\/h4><\/td><td class=\"column-2\"><\/td>\n<\/tr>\n<tr class=\"row-6\">\n\t<td class=\"column-1\">01-03<\/td><td class=\"column-2\"><strong>Malakoff<\/strong>  \u239c  Th\u00e9\u00e2tre 71  \u239c  4&nbsp;performances<\/td>\n<\/tr>\n<tr class=\"row-7\">\n\t<td class=\"column-1\">07-10<\/td><td class=\"column-2\"><strong>Roma (IT)<\/strong>  \u239c  Festival Romaeuropa  \u239c  4&nbsp;performances<\/td>\n<\/tr>\n<tr class=\"row-8\">\n\t<td class=\"column-1\">08-11<\/td><td class=\"column-2\"><del datetime=\"2022-08-03T19:28:05+00:00\"><strong>Hong-Kong (CN)<\/strong>  \u239c  4&nbsp;performances<\/del> (Covid cancellation)<\/td>\n<\/tr>\n<tr class=\"row-9\">\n\t<td class=\"column-1\">15-16<\/td><td class=\"column-2\"><strong>Inzinzac-Lochrist<\/strong>  \u239c  Trio...s  \u239c  2&nbsp; performances<\/td>\n<\/tr>\n<tr class=\"row-10\">\n\t<td class=\"column-1\">29-30<\/td><td class=\"column-2\"><del datetime=\"2022-08-03T19:28:05+00:00\"><strong>Guanajato (MX)<\/strong>  \u239c  Festival Cervantino  \u239c  2&nbsp;performances<\/del> (Covid cancellation)<\/td>\n<\/tr>\n<tr class=\"row-11\">\n\t<td class=\"column-1\"><\/td><td class=\"column-2\"><\/td>\n<\/tr>\n<tr class=\"row-12\">\n\t<td class=\"column-1\"><h4>NOVEMBER<\/h4><\/td><td class=\"column-2\"><\/td>\n<\/tr>\n<tr class=\"row-13\">\n\t<td class=\"column-1\">05-06<\/td><td class=\"column-2\"><del datetime=\"2022-08-03T19:28:05+00:00\"><strong>Charleroi (BE)<\/strong>  \u239c  Festival Charleroi Danse  \u239c  2&nbsp;performances<\/del> (Covid cancellation)<\/td>\n<\/tr>\n<tr class=\"row-14\">\n\t<td class=\"column-1\">17-20<\/td><td class=\"column-2\"><del datetime=\"2022-08-03T19:28:05+00:00\"><strong>Milan (IT)<\/strong>  \u239c  Piccolo Teatro  \u239c  4&nbsp;performances<\/del> (Covid cancellation)<\/td>\n<\/tr>\n<tr class=\"row-15\">\n\t<td class=\"column-1\"><\/td><td class=\"column-2\"><\/td>\n<\/tr>\n<tr class=\"row-16\">\n\t<td class=\"column-1\"><h4>DECEMBER<\/h4><\/td><td class=\"column-2\"><\/td>\n<\/tr>\n<tr class=\"row-17\">\n\t<td class=\"column-1\">04-05<\/td><td class=\"column-2\"><del datetime=\"2022-08-03T19:28:05+00:00\"><strong>Basel (CH)<\/strong>  \u239c  La Kasern  \u239c  2&nbsp;performances<\/del> (Covid cancellation)<\/td>\n<\/tr>\n<tr class=\"row-18\">\n\t<td class=\"column-1\">09-19<\/td><td class=\"column-2\"><del datetime=\"2022-08-03T19:28:05+00:00\"><strong>Lausanne (CH)<\/strong>  \u239c  Th\u00e9\u00e2tre Vidy-Lausanne \u239c  9&nbsp;performances<\/del> (Covid cancellation)<\/td>\n<\/tr>\n<tr class=\"row-19\">\n\t<td class=\"column-1\"><\/td><td class=\"column-2\"><\/td>\n<\/tr>\n<tr class=\"row-20\">\n\t<td class=\"column-1\"><h4>FEBRUARY<\/h4><\/td><td class=\"column-2\"><\/td>\n<\/tr>\n<tr class=\"row-21\">\n\t<td class=\"column-1\">12-14<\/td><td class=\"column-2\"><del datetime=\"2022-08-03T19:28:05+00:00\"><strong>Aix-en-Provence<\/strong>  \u239c  3&nbsp;performances<\/del> (Covid cancellation)<\/td>\n<\/tr>\n<tr class=\"row-22\">\n\t<td class=\"column-1\">17-18<\/td><td class=\"column-2\"><del datetime=\"2022-08-03T19:28:05+00:00\"><strong>Marseille<\/strong>  \u239c  BIAC \u2013 Le Zef \u239c  2&nbsp;performances<\/del> (Covid cancellation)<\/td>\n<\/tr>\n<tr class=\"row-23\">\n\t<td class=\"column-1\"><\/td><td class=\"column-2\"><\/td>\n<\/tr>\n<tr class=\"row-24\">\n\t<td class=\"column-1\"><h4>MARCH<\/h4><\/td><td class=\"column-2\"><\/td>\n<\/tr>\n<tr class=\"row-25\">\n\t<td class=\"column-1\">02-04<\/td><td class=\"column-2\"><del datetime=\"2022-08-03T19:28:05+00:00\"><strong>Valence<\/strong>  \u239c  La Com\u00e9die, CDN de Valence \u239c  3&nbsp;performances<\/del> (Covid cancellation)<\/td>\n<\/tr>\n<tr class=\"row-26\">\n\t<td class=\"column-1\">26-27<\/td><td class=\"column-2\"><del datetime=\"2022-08-03T19:28:05+00:00\"><strong>Cherbourg<\/strong>  \u239c  Festival Spring \u2013 La Br\u00e8che \u239c  2&nbsp;performances<\/del> (Covid cancellation)<\/td>\n<\/tr>\n<tr class=\"row-27\">\n\t<td class=\"column-1\">31<\/td><td class=\"column-2\"><del datetime=\"2022-08-03T19:28:05+00:00\"><strong>Lille<\/strong>  \u239c  Le Prato \u239c  2&nbsp;performances<\/del> (Covid postponment)<\/td>\n<\/tr>\n<tr class=\"row-28\">\n\t<td class=\"column-1\"><\/td><td class=\"column-2\"><\/td>\n<\/tr>\n<tr class=\"row-29\">\n\t<td class=\"column-1\"><h4>APRIL<\/h4><\/td><td class=\"column-2\"><\/td>\n<\/tr>\n<tr class=\"row-30\">\n\t<td class=\"column-1\">01<\/td><td class=\"column-2\"><del datetime=\"2022-08-03T19:28:05+00:00\"><strong>Lille<\/strong>  \u239c  Le Prato \u239c  2&nbsp;performances<\/del> (Covid postponment)<\/td>\n<\/tr>\n<tr class=\"row-31\">\n\t<td class=\"column-1\">05-06<\/td><td class=\"column-2\"><del datetime=\"2022-08-03T19:28:05+00:00\"><strong>Narbonne<\/strong>  \u239c  Sc\u00e8ne nationale de Narbonne \u239c  2&nbsp;performances<\/del> (Covid cancellation)<\/td>\n<\/tr>\n<tr class=\"row-32\">\n\t<td class=\"column-1\">29-30<\/td><td class=\"column-2\"><strong>Olot (CAT)<\/strong>  \u239c  Teatro Principial  \u239c  2&nbsp;performances<\/td>\n<\/tr>\n<tr class=\"row-33\">\n\t<td class=\"column-1\"><\/td><td class=\"column-2\"><\/td>\n<\/tr>\n<tr class=\"row-34\">\n\t<td class=\"column-1\"><h4>MAY<\/h4><\/td><td class=\"column-2\"><\/td>\n<\/tr>\n<tr class=\"row-35\">\n\t<td class=\"column-1\">02<\/td><td class=\"column-2\"><strong>Figueras (CAT)<\/strong>  \u239c  Th\u00e9\u00e2tre de Figueras  \u239c  1&nbsp;performances<\/td>\n<\/tr>\n<tr class=\"row-36\">\n\t<td class=\"column-1\"><\/td><td class=\"column-2\"><\/td>\n<\/tr>\n<tr class=\"row-37\">\n\t<td class=\"column-1\"><h4>JUNE<\/h4><\/td><td class=\"column-2\"><\/td>\n<\/tr>\n<tr class=\"row-38\">\n\t<td class=\"column-1\">15-16<\/td><td class=\"column-2\"><strong>Tulle<\/strong>  \u239c  L'Empreinte, sc\u00e8ne nationale Brive-Tulle  \u239c  2&nbsp;performances<\/td>\n<\/tr>\n<tr class=\"row-39\">\n\t<td class=\"column-1\"><\/td><td class=\"column-2\"><\/td>\n<\/tr>\n<tr class=\"row-40\">\n\t<td class=\"column-1\"><h4>JULY<\/h4><\/td><td class=\"column-2\"><\/td>\n<\/tr>\n<tr class=\"row-41\">\n\t<td class=\"column-1\">06-10<\/td><td class=\"column-2\"><strong>Tours<\/strong>  \u239c  CDN de Tours  \u239c  5&nbsp;performances<\/td>\n<\/tr>\n<\/tbody>\n<\/table>\n<!-- #tablepress-34 from cache -->[\/vc_column_text][\/vc_tta_section][\/vc_tta_accordion][\/vc_column][\/vc_row]<\/p>\n<\/div>","protected":false},"excerpt":{"rendered":"<p>[vc_row padding_top_multiplier=&#8221;2x&#8221; padding_bottom_multiplier=&#8221;&#8221; equal_column_height=&#8221;equal-column&#8221;][vc_column vertical_content_position=&#8221;middle&#8221; width=&#8221;1\/3&#8243; mobile_width=&#8221;1-4&#8243; text_align=&#8221;center&#8221;][\/vc_column][vc_column vertical_content_position=&#8221;middle&#8221; width=&#8221;1\/3&#8243; mobile_width=&#8221;1-2&#8243;][\/vc_column][vc_column width=&#8221;1\/3&#8243; mobile_width=&#8221;1-4&#8243;][\/vc_column][\/vc_row][vc_row padding_bottom_multiplier=&#8221;2x&#8221;][vc_column][vc_tta_accordion title_tag=&#8221;h4&#8243; c_align=&#8221;center&#8221; c_icon=&#8221;&#8221; active_section=&#8221;99&#8243; accordion_style=&#8221;style-2&#8243; heading_tag=&#8221;h4&#8243; heading=&#8221;h4&#8243;][vc_tta_section title=&#8221;FALAISE&#8221; tab_id=&#8221;1657867959020-5ca86889-8303&#8243;][vc_column_text][\/vc_column_text][\/vc_tta_section][vc_tta_section title=&#8221;L\u00c0&#8221; tab_id=&#8221;1657869424946-51978d3b-ebf6&#8243;][vc_column_text][\/vc_column_text][\/vc_tta_section][\/vc_tta_accordion][\/vc_column][\/vc_row]<\/p>\n","protected":false},"author":2,"featured_media":0,"parent":9469,"menu_order":0,"comment_status":"closed","ping_status":"closed","template":"","meta":{"footnotes":""},"class_list":["post-9855","page","type-page","status-publish","hentry"],"yoast_head":"<!-- This site is optimized with the Yoast SEO plugin v26.9 - https:\/\/yoast.com\/product\/yoast-seo-wordpress\/ -->\n<title>Dates 2020-2021 - Baro d&#039;evel<\/title>\n<meta name=\"robots\" content=\"index, follow, max-snippet:-1, max-image-preview:large, max-video-preview:-1\" \/>\n<link rel=\"canonical\" href=\"https:\/\/barodevel.com\/en\/dates\/dates-2020-2021\/\" \/>\n<meta property=\"og:locale\" content=\"en_US\" \/>\n<meta property=\"og:type\" content=\"article\" \/>\n<meta property=\"og:title\" content=\"Dates 2020-2021 - Baro d&#039;evel\" \/>\n<meta property=\"og:description\" content=\"[vc_row padding_top_multiplier=&#8221;2x&#8221; padding_bottom_multiplier=&#8221;&#8221; equal_column_height=&#8221;equal-column&#8221;][vc_column vertical_content_position=&#8221;middle&#8221; width=&#8221;1\/3&#8243; mobile_width=&#8221;1-4&#8243; text_align=&#8221;center&#8221;][\/vc_column][vc_column vertical_content_position=&#8221;middle&#8221; width=&#8221;1\/3&#8243; mobile_width=&#8221;1-2&#8243;][\/vc_column][vc_column width=&#8221;1\/3&#8243; mobile_width=&#8221;1-4&#8243;][\/vc_column][\/vc_row][vc_row padding_bottom_multiplier=&#8221;2x&#8221;][vc_column][vc_tta_accordion title_tag=&#8221;h4&#8243; c_align=&#8221;center&#8221; c_icon=&#8221;&#8221; active_section=&#8221;99&#8243; accordion_style=&#8221;style-2&#8243; heading_tag=&#8221;h4&#8243; heading=&#8221;h4&#8243;][vc_tta_section title=&#8221;FALAISE&#8221; tab_id=&#8221;1657867959020-5ca86889-8303&#8243;][vc_column_text][\/vc_column_text][\/vc_tta_section][vc_tta_section title=&#8221;L\u00c0&#8221; tab_id=&#8221;1657869424946-51978d3b-ebf6&#8243;][vc_column_text][\/vc_column_text][\/vc_tta_section][\/vc_tta_accordion][\/vc_column][\/vc_row]\" \/>\n<meta property=\"og:url\" content=\"https:\/\/barodevel.com\/en\/dates\/dates-2020-2021\/\" \/>\n<meta property=\"og:site_name\" content=\"Baro d&#039;evel\" \/>\n<meta property=\"article:publisher\" content=\"https:\/\/www.facebook.com\/barodevelcirk\/\" \/>\n<meta property=\"article:modified_time\" content=\"2022-09-02T08:39:48+00:00\" \/>\n<meta property=\"og:image\" content=\"https:\/\/barodevel.com\/wp-content\/uploads\/2018\/04\/la-micro.jpg\" \/>\n\t<meta property=\"og:image:width\" content=\"2000\" \/>\n\t<meta property=\"og:image:height\" content=\"1335\" \/>\n\t<meta property=\"og:image:type\" content=\"image\/jpeg\" \/>\n<meta name=\"twitter:card\" content=\"summary_large_image\" \/>\n<meta name=\"twitter:label1\" content=\"Est. reading time\" \/>\n\t<meta name=\"twitter:data1\" content=\"1 minute\" \/>\n<script type=\"application\/ld+json\" class=\"yoast-schema-graph\">{\"@context\":\"https:\/\/schema.org\",\"@graph\":[{\"@type\":\"WebPage\",\"@id\":\"https:\/\/barodevel.com\/en\/dates\/dates-2020-2021\/\",\"url\":\"https:\/\/barodevel.com\/en\/dates\/dates-2020-2021\/\",\"name\":\"Dates 2020-2021 - Baro d&#039;evel\",\"isPartOf\":{\"@id\":\"https:\/\/barodevel.com\/ca\/#website\"},\"datePublished\":\"2018-03-11T13:44:32+00:00\",\"dateModified\":\"2022-09-02T08:39:48+00:00\",\"breadcrumb\":{\"@id\":\"https:\/\/barodevel.com\/en\/dates\/dates-2020-2021\/#breadcrumb\"},\"inLanguage\":\"en-US\",\"potentialAction\":[{\"@type\":\"ReadAction\",\"target\":[\"https:\/\/barodevel.com\/en\/dates\/dates-2020-2021\/\"]}]},{\"@type\":\"BreadcrumbList\",\"@id\":\"https:\/\/barodevel.com\/en\/dates\/dates-2020-2021\/#breadcrumb\",\"itemListElement\":[{\"@type\":\"ListItem\",\"position\":1,\"name\":\"Accueil\",\"item\":\"https:\/\/barodevel.com\/en\/\"},{\"@type\":\"ListItem\",\"position\":2,\"name\":\"Dates\",\"item\":\"https:\/\/barodevel.com\/en\/dates\/\"},{\"@type\":\"ListItem\",\"position\":3,\"name\":\"Dates 2020-2021\"}]},{\"@type\":\"WebSite\",\"@id\":\"https:\/\/barodevel.com\/ca\/#website\",\"url\":\"https:\/\/barodevel.com\/ca\/\",\"name\":\"Baro d&#039;evel\",\"description\":\"\",\"publisher\":{\"@id\":\"https:\/\/barodevel.com\/ca\/#organization\"},\"potentialAction\":[{\"@type\":\"SearchAction\",\"target\":{\"@type\":\"EntryPoint\",\"urlTemplate\":\"https:\/\/barodevel.com\/ca\/?s={search_term_string}\"},\"query-input\":{\"@type\":\"PropertyValueSpecification\",\"valueRequired\":true,\"valueName\":\"search_term_string\"}}],\"inLanguage\":\"en-US\"},{\"@type\":\"Organization\",\"@id\":\"https:\/\/barodevel.com\/ca\/#organization\",\"name\":\"Baro d'evel\",\"url\":\"https:\/\/barodevel.com\/ca\/\",\"logo\":{\"@type\":\"ImageObject\",\"inLanguage\":\"en-US\",\"@id\":\"https:\/\/barodevel.com\/ca\/#\/schema\/logo\/image\/\",\"url\":\"https:\/\/barodevel.com\/wp-content\/uploads\/2018\/04\/baro-logo-mentions-legales-200.png\",\"contentUrl\":\"https:\/\/barodevel.com\/wp-content\/uploads\/2018\/04\/baro-logo-mentions-legales-200.png\",\"width\":200,\"height\":200,\"caption\":\"Baro d'evel\"},\"image\":{\"@id\":\"https:\/\/barodevel.com\/ca\/#\/schema\/logo\/image\/\"},\"sameAs\":[\"https:\/\/www.facebook.com\/barodevelcirk\/\",\"https:\/\/www.instagram.com\/barodevel\/\"]}]}<\/script>\n<!-- \/ Yoast SEO plugin. -->","yoast_head_json":{"title":"Dates 2020-2021 - Baro d&#039;evel","robots":{"index":"index","follow":"follow","max-snippet":"max-snippet:-1","max-image-preview":"max-image-preview:large","max-video-preview":"max-video-preview:-1"},"canonical":"https:\/\/barodevel.com\/en\/dates\/dates-2020-2021\/","og_locale":"en_US","og_type":"article","og_title":"Dates 2020-2021 - Baro d&#039;evel","og_description":"[vc_row padding_top_multiplier=&#8221;2x&#8221; padding_bottom_multiplier=&#8221;&#8221; equal_column_height=&#8221;equal-column&#8221;][vc_column vertical_content_position=&#8221;middle&#8221; width=&#8221;1\/3&#8243; mobile_width=&#8221;1-4&#8243; text_align=&#8221;center&#8221;][\/vc_column][vc_column vertical_content_position=&#8221;middle&#8221; width=&#8221;1\/3&#8243; mobile_width=&#8221;1-2&#8243;][\/vc_column][vc_column width=&#8221;1\/3&#8243; mobile_width=&#8221;1-4&#8243;][\/vc_column][\/vc_row][vc_row padding_bottom_multiplier=&#8221;2x&#8221;][vc_column][vc_tta_accordion title_tag=&#8221;h4&#8243; c_align=&#8221;center&#8221; c_icon=&#8221;&#8221; active_section=&#8221;99&#8243; accordion_style=&#8221;style-2&#8243; heading_tag=&#8221;h4&#8243; heading=&#8221;h4&#8243;][vc_tta_section title=&#8221;FALAISE&#8221; tab_id=&#8221;1657867959020-5ca86889-8303&#8243;][vc_column_text][\/vc_column_text][\/vc_tta_section][vc_tta_section title=&#8221;L\u00c0&#8221; tab_id=&#8221;1657869424946-51978d3b-ebf6&#8243;][vc_column_text][\/vc_column_text][\/vc_tta_section][\/vc_tta_accordion][\/vc_column][\/vc_row]","og_url":"https:\/\/barodevel.com\/en\/dates\/dates-2020-2021\/","og_site_name":"Baro d&#039;evel","article_publisher":"https:\/\/www.facebook.com\/barodevelcirk\/","article_modified_time":"2022-09-02T08:39:48+00:00","og_image":[{"width":2000,"height":1335,"url":"https:\/\/barodevel.com\/wp-content\/uploads\/2018\/04\/la-micro.jpg","type":"image\/jpeg"}],"twitter_card":"summary_large_image","twitter_misc":{"Est. reading time":"1 minute"},"schema":{"@context":"https:\/\/schema.org","@graph":[{"@type":"WebPage","@id":"https:\/\/barodevel.com\/en\/dates\/dates-2020-2021\/","url":"https:\/\/barodevel.com\/en\/dates\/dates-2020-2021\/","name":"Dates 2020-2021 - Baro d&#039;evel","isPartOf":{"@id":"https:\/\/barodevel.com\/ca\/#website"},"datePublished":"2018-03-11T13:44:32+00:00","dateModified":"2022-09-02T08:39:48+00:00","breadcrumb":{"@id":"https:\/\/barodevel.com\/en\/dates\/dates-2020-2021\/#breadcrumb"},"inLanguage":"en-US","potentialAction":[{"@type":"ReadAction","target":["https:\/\/barodevel.com\/en\/dates\/dates-2020-2021\/"]}]},{"@type":"BreadcrumbList","@id":"https:\/\/barodevel.com\/en\/dates\/dates-2020-2021\/#breadcrumb","itemListElement":[{"@type":"ListItem","position":1,"name":"Accueil","item":"https:\/\/barodevel.com\/en\/"},{"@type":"ListItem","position":2,"name":"Dates","item":"https:\/\/barodevel.com\/en\/dates\/"},{"@type":"ListItem","position":3,"name":"Dates 2020-2021"}]},{"@type":"WebSite","@id":"https:\/\/barodevel.com\/ca\/#website","url":"https:\/\/barodevel.com\/ca\/","name":"Baro d&#039;evel","description":"","publisher":{"@id":"https:\/\/barodevel.com\/ca\/#organization"},"potentialAction":[{"@type":"SearchAction","target":{"@type":"EntryPoint","urlTemplate":"https:\/\/barodevel.com\/ca\/?s={search_term_string}"},"query-input":{"@type":"PropertyValueSpecification","valueRequired":true,"valueName":"search_term_string"}}],"inLanguage":"en-US"},{"@type":"Organization","@id":"https:\/\/barodevel.com\/ca\/#organization","name":"Baro d'evel","url":"https:\/\/barodevel.com\/ca\/","logo":{"@type":"ImageObject","inLanguage":"en-US","@id":"https:\/\/barodevel.com\/ca\/#\/schema\/logo\/image\/","url":"https:\/\/barodevel.com\/wp-content\/uploads\/2018\/04\/baro-logo-mentions-legales-200.png","contentUrl":"https:\/\/barodevel.com\/wp-content\/uploads\/2018\/04\/baro-logo-mentions-legales-200.png","width":200,"height":200,"caption":"Baro d'evel"},"image":{"@id":"https:\/\/barodevel.com\/ca\/#\/schema\/logo\/image\/"},"sameAs":["https:\/\/www.facebook.com\/barodevelcirk\/","https:\/\/www.instagram.com\/barodevel\/"]}]}},"_links":{"self":[{"href":"https:\/\/barodevel.com\/en\/wp-json\/wp\/v2\/pages\/9855","targetHints":{"allow":["GET"]}}],"collection":[{"href":"https:\/\/barodevel.com\/en\/wp-json\/wp\/v2\/pages"}],"about":[{"href":"https:\/\/barodevel.com\/en\/wp-json\/wp\/v2\/types\/page"}],"author":[{"embeddable":true,"href":"https:\/\/barodevel.com\/en\/wp-json\/wp\/v2\/users\/2"}],"replies":[{"embeddable":true,"href":"https:\/\/barodevel.com\/en\/wp-json\/wp\/v2\/comments?post=9855"}],"version-history":[{"count":0,"href":"https:\/\/barodevel.com\/en\/wp-json\/wp\/v2\/pages\/9855\/revisions"}],"up":[{"embeddable":true,"href":"https:\/\/barodevel.com\/en\/wp-json\/wp\/v2\/pages\/9469"}],"wp:attachment":[{"href":"https:\/\/barodevel.com\/en\/wp-json\/wp\/v2\/media?parent=9855"}],"curies":[{"name":"wp","href":"https:\/\/api.w.org\/{rel}","templated":true}]}}