{"id":9469,"date":"2018-03-11T13:44:32","date_gmt":"2018-03-11T13:44:32","guid":{"rendered":"https:\/\/barodevel.com\/?page_id=9469"},"modified":"2025-06-20T11:53:17","modified_gmt":"2025-06-20T11:53:17","slug":"dates","status":"publish","type":"page","link":"https:\/\/barodevel.com\/en\/dates\/","title":{"rendered":"Dates"},"content":{"rendered":"<div class=\"wpb-content-wrapper\"><p>[vc_row padding_top_multiplier=&#8221;2x&#8221; padding_bottom_multiplier=&#8221;&#8221; equal_column_height=&#8221;equal-column&#8221;][vc_column vertical_content_position=&#8221;middle&#8221; width=&#8221;1\/3&#8243; mobile_width=&#8221;1-4&#8243; text_align=&#8221;center&#8221;]<style type=\"text\/css\">.grve-title-gradient.grve-title-69d5e5148f857 > span,.grve-title-gradient.grve-title-69d5e5148f857 .grve-clipping-content > span {color: #ff9f00;background-image: -moz-linear-gradient(-45deg, #ff9f00 0%, #ff9f00 100%);background-image: -webkit-linear-gradient(-45deg, #ff9f00 0%, #ff9f00 100%);background-image: linear-gradient(135deg, #ff9f00 0%, #ff9f00 100%);}<\/style><h4 class=\"grve-element grve-title grve-align-right grve-h4 grve-increase-heading grve-heading-120 grve-title-gradient grve-title-69d5e5148f857\" style=\"margin-bottom: 32px;\"><span><a href=\"https:\/\/barodevel.com\/en\/dates\/dates-2024-2025\/\">e<\/a><\/span><\/h4>[\/vc_column][vc_column vertical_content_position=&#8221;middle&#8221; width=&#8221;1\/3&#8243; mobile_width=&#8221;1-2&#8243;]<style type=\"text\/css\">.grve-title-gradient.grve-title-69d5e5148f8a6 > span,.grve-title-gradient.grve-title-69d5e5148f8a6 .grve-clipping-content > span {color: #ff9f00;background-image: -moz-linear-gradient(-45deg, #ff9f00 0%, #ff9f00 100%);background-image: -webkit-linear-gradient(-45deg, #ff9f00 0%, #ff9f00 100%);background-image: linear-gradient(135deg, #ff9f00 0%, #ff9f00 100%);}<\/style><h4 class=\"grve-element grve-title grve-align-center grve-h4 grve-title-gradient grve-title-69d5e5148f8a6\" style=\"margin-bottom: 32px;\"><span>\u00e7\u00f9\u00e7\u00ea\u00d6\u00e7\u00f9\u00e7\u00eb<\/span><\/h4>[\/vc_column][vc_column width=&#8221;1\/3&#8243; mobile_width=&#8221;1-4&#8243;][\/vc_column][\/vc_row][vc_row padding_bottom_multiplier=&#8221;2x&#8221;][vc_column][vc_tta_accordion c_align=&#8221;center&#8221; c_icon=&#8221;&#8221; active_section=&#8221;99&#8243; accordion_style=&#8221;style-2&#8243; heading_tag=&#8221;h4&#8243; heading=&#8221;h4&#8243; title_tag=&#8221;h4&#8243;][vc_tta_section title=&#8221;QUI SOM?&#8221; tab_id=&#8221;1657869424946-51978d3b-ebf6&#8243;][vc_column_text css=&#8221;&#8221;]\n<table id=\"tablepress-188\" class=\"tablepress tablepress-id-188\">\n<tbody>\n<tr class=\"row-1\">\n\t<td class=\"column-1\"><h4>AUGUST<\/h4><\/td><td class=\"column-2\"><\/td>\n<\/tr>\n<tr class=\"row-2\">\n\t<td class=\"column-1\">14-17<\/td><td class=\"column-2\"><strong>Z\u00fcrich (CH)<\/strong>  \u239c  <a href=\"https:\/\/www.theaterspektakel.ch\/en\/program25\/production\/baro-devel-qui-som\"noopener\" target=\"_blank\"><u>Z\u00fcrcher Teater Spektakel Festival<\/u><\/a>  \u239c  4&nbsp;performances<\/td>\n<\/tr>\n<tr class=\"row-3\">\n\t<td class=\"column-1\">22-23<\/td><td class=\"column-2\"><strong>Gronigen (NL)<\/strong>  \u239c  <a href=\"https:\/\/www.noorderzon.nl\/en\/programme\/qui-som-2\" rel=\"noopener\"target=\"_blank\"><u>Noorderzon festival<\/u><\/a>  \u239c  2&nbsp;performances<\/td>\n<\/tr>\n<tr class=\"row-4\">\n\t<td class=\"column-1\"><\/td><td class=\"column-2\"><\/td>\n<\/tr>\n<tr class=\"row-5\">\n\t<td class=\"column-1\"><h4>SEPTEMBER<\/h4><\/td><td class=\"column-2\"><\/td>\n<\/tr>\n<tr class=\"row-6\">\n\t<td class=\"column-1\">05-06<\/td><td class=\"column-2\"><strong>Antibes (06)<\/strong>  \u239c  <a href=\"https:\/\/www.anthea-antibes.fr\/fr\/spectacles\/saison-2025-2026\/tout-le-spectacle-vivant\/qui-som\" rel=\"noopener\"target=\"_blank\"><u>Anthea<\/u><\/a>  \u239c  2&nbsp;performances<\/td>\n<\/tr>\n<tr class=\"row-7\">\n\t<td class=\"column-1\">25-27<\/td><td class=\"column-2\"><strong>Aix-en-Provence (13)<\/strong>  \u239c  <a href=\"https:\/\/www.lestheatres.net\/fr\/a\/5412-qui-som\" rel=\"noopener\"target=\"_blank\"><u>Grand Th\u00e9\u00e2tre de Provence<\/u><\/a>  \u239c  3&nbsp;performances<\/td>\n<\/tr>\n<tr class=\"row-8\">\n\t<td class=\"column-1\"><\/td><td class=\"column-2\"><\/td>\n<\/tr>\n<tr class=\"row-9\">\n\t<td class=\"column-1\"><h4>OCTOBER<\/h4><\/td><td class=\"column-2\"><\/td>\n<\/tr>\n<tr class=\"row-10\">\n\t<td class=\"column-1\">02-03<\/td><td class=\"column-2\"><strong>Belgrade (RS)<\/strong>  \u239c  <a href=\" https:\/\/festival.bitef.rs\/en\"rel=\"noopener\" target=\"_blank\"><u>BITEF Festival<\/u><\/a>  <\/a> \u239c 2&nbsp;performances<\/td>\n<\/tr>\n<tr class=\"row-11\">\n\t<td class=\"column-1\">22-23<\/td><td class=\"column-2\"><strong>Istanbul (TR)<\/strong>  \u239c  <a href=\"https:\/\/tiyatro.iksv.org\/en\/the-29th-istanbul-theater-festival-2025\/qui-som-who-are-we\" rel=\"noopener\" target=\"_blank\"><u>Festival IKVS<\/u><\/a>  \u239c  2&nbsp;performances<\/td>\n<\/tr>\n<tr class=\"row-12\">\n\t<td class=\"column-1\"><\/td><td class=\"column-2\"><\/td>\n<\/tr>\n<tr class=\"row-13\">\n\t<td class=\"column-1\"><h4>NOVEMBER<\/h4><\/td><td class=\"column-2\"><\/td>\n<\/tr>\n<tr class=\"row-14\">\n\t<td class=\"column-1\">04-06<\/td><td class=\"column-2\"><strong>Orl\u00e9ans (45)<\/strong>  \u239c  <a href=\"https:\/\/scenenationale-orleans.fr\/agenda\/qui-som\" rel=\"noopener\" target=\"_blank\"><u>Th\u00e9\u00e2tre d\u2019Orl\u00e9ans \/ Sc\u00e8ne nationale<\/u><\/a>  \u239c  3&nbsp;performances<\/td>\n<\/tr>\n<tr class=\"row-15\">\n\t<td class=\"column-1\">13-16<\/td><td class=\"column-2\"><strong>S\u00e9nart (77)<\/strong>  \u239c  <a href=\"https:\/\/theatre-senart.com\/agenda\/qui-som\" rel=\"noopener\" target=\"_blank\"><u>Th\u00e9\u00e2tre S\u00e9nart sc\u00e8ne nationale<\/u><\/a>  \u239c  4&nbsp;performances<\/td>\n<\/tr>\n<tr class=\"row-16\">\n\t<td class=\"column-1\"><\/td><td class=\"column-2\"><\/td>\n<\/tr>\n<tr class=\"row-17\">\n\t<td class=\"column-1\"><h4>DECEMBER<\/h4><\/td><td class=\"column-2\"><\/td>\n<\/tr>\n<tr class=\"row-18\">\n\t<td class=\"column-1\">05-07<\/td><td class=\"column-2\"><strong>Madrid (ES)<\/strong>  \u239c  <a href=\"https:\/\/www.mataderomadrid.org\" rel=\"noopener\" target=\"_blank\"><u>Centro danza Matadero<\/u><\/a>   \u239c  3&nbsp;performances<\/td>\n<\/tr>\n<tr class=\"row-19\">\n\t<td class=\"column-1\">12-13<\/td><td class=\"column-2\"><strong>Sevilla (ES)<\/strong>  \u239c  <a href=\"https:\/\/www.juntadeandalucia.es\/cultura\/teatros\/teatro-central\/qui-som\" rel=\"noopener\" target=\"_blank\"><u>Teatro central<\/u><\/a>   \u239c  2&nbsp;performances<\/td>\n<\/tr>\n<tr class=\"row-20\">\n\t<td class=\"column-1\">18-30<\/td><td class=\"column-2\"><strong>Barcelona (CAT)<\/strong>  \u239c  <a href=\"https:\/\/www.teatrelliure.com\/en\/qui-som\" rel=\"noopener\" target=\"_blank\"><u>Teatre Lliure<\/u><\/a>   \u239c  10&nbsp;performances<\/td>\n<\/tr>\n<tr class=\"row-21\">\n\t<td class=\"column-1\"><\/td><td class=\"column-2\"><\/td>\n<\/tr>\n<tr class=\"row-22\">\n\t<td class=\"column-1\"><h4>MARCH<\/h4><\/td><td class=\"column-2\"><\/td>\n<\/tr>\n<tr class=\"row-23\">\n\t<td class=\"column-1\">05-13<\/td><td class=\"column-2\"><strong>Rennes (35)<\/strong>  \u239c  <a href=\"https:\/\/www.t-n-b.fr\/programmation\/qui-som\" rel=\"noopener\" target=\"_blank\"><u>Th\u00e9\u00e2tre National de Bretagne<\/u><\/a>  \u239c  8&nbsp;performances<\/td>\n<\/tr>\n<tr class=\"row-24\">\n\t<td class=\"column-1\">25-26<\/td><td class=\"column-2\"><strong>Albi (81)<\/strong>  \u239c  <a href=\"https:\/\/www.sn-albi.fr\/spectacles\/saison-25-26\/qui-som\" rel=\"noopener\" target=\"_blank\"><u>Sc\u00e8ne national d'Albi-Tarn<\/u><\/a>  \u239c  2&nbsp;performances<\/td>\n<\/tr>\n<tr class=\"row-25\">\n\t<td class=\"column-1\"><\/td><td class=\"column-2\"><\/td>\n<\/tr>\n<tr class=\"row-26\">\n\t<td class=\"column-1\"><h4>APRIL<\/h4><\/td><td class=\"column-2\"><\/td>\n<\/tr>\n<tr class=\"row-27\">\n\t<td class=\"column-1\">01-04<\/td><td class=\"column-2\"><strong>Montpellier (34)<\/strong>  \u239c  <a href=\"https:\/\/www.montpellierdanse.com\/programmes\/qui-som-baro-devel\/\" rel=\"noopener\" target=\"_blank\"><u>Agora, Cit\u00e9 internationale de la Danse<\/u> <\/a> +  <a href=\"https:\/\/www.domainedo.fr\/zoom\/qui-som-baro-devel-du-1er-au-4-avril\" rel=\"noopener\" target=\"_blank\"><u>Cit\u00e9 europ\u00e9enne du th\u00e9\u00e2tre \u2013 Domaine d\u2019O<\/u> <\/a> \u239c  4&nbsp;performances<\/td>\n<\/tr>\n<tr class=\"row-28\">\n\t<td class=\"column-1\"><\/td><td class=\"column-2\"><\/td>\n<\/tr>\n<tr class=\"row-29\">\n\t<td class=\"column-1\"><h4>MAY<\/h4><\/td><td class=\"column-2\"><\/td>\n<\/tr>\n<tr class=\"row-30\">\n\t<td class=\"column-1\">03-06<\/td><td class=\"column-2\"><strong>Shizuoka (JP)<\/strong>  \u239c  <a href=\"https:\/\/festival-shizuoka.jp\/en\/program\/qui-som\/\" rel=\"noopener\" target=\"_blank\"><u>SPAC World theatre festival<\/u><\/a> \u239c 4&nbsp;performances<\/td>\n<\/tr>\n<tr class=\"row-31\">\n\t<td class=\"column-1\">22-23<\/td><td class=\"column-2\"><strong>Taipei (TW)<\/strong>  \u239c  <a href=\"https:\/\/npac-ntch.org\/programs\/27587\/playbill\" rel=\"noopener\" target=\"_blank\"><u>National Theater &amp; Concert Hall<\/u><\/a> \u239c 2&nbsp;performances<\/td>\n<\/tr>\n<tr class=\"row-32\">\n\t<td class=\"column-1\"><\/td><td class=\"column-2\"><\/td>\n<\/tr>\n<tr class=\"row-33\">\n\t<td class=\"column-1\"><h4>JUNE<\/h4><\/td><td class=\"column-2\"><\/td>\n<\/tr>\n<tr class=\"row-34\">\n\t<td class=\"column-1\">17-22<\/td><td class=\"column-2\"><strong>Nantes (44)<\/strong>  \u239c  <a href=\"https:\/\/mixt.fr\/agenda\/qui-som\" rel=\"noopener\" target=\"_blank\"><u>Mixt<\/u><\/a> \u239c 6&nbsp;performances<\/td>\n<\/tr>\n<tr class=\"row-35\">\n\t<td class=\"column-1\"><\/td><td class=\"column-2\"><\/td>\n<\/tr>\n<\/tbody>\n<\/table>\n<!-- #tablepress-188 from cache -->[\/vc_column_text][\/vc_tta_section][vc_tta_section title=&#8221;FALAISE&#8221; tab_id=&#8221;1657867959020-5ca86889-8303&#8243;][vc_column_text css=&#8221;&#8221;]\n<table id=\"tablepress-191\" class=\"tablepress tablepress-id-191\">\n<tbody>\n<tr class=\"row-1\">\n\t<td class=\"column-1\"><h4>SEPTEMBER<\/h4><\/td><td class=\"column-2\"><\/td>\n<\/tr>\n<tr class=\"row-2\">\n\t<td class=\"column-1\">11-14<\/td><td class=\"column-2\"><strong>Duisburg (DE)<\/strong>  \u239c  <a href=\"https:\/\/www.ruhrtriennale.de\/en\/programme\/falaise\/187\" rel=\"noopener\" target=\"_blank\"><u>Ruhrtriennale<\/u><\/a>  \u239c  4&nbsp;performances<\/td>\n<\/tr>\n<tr class=\"row-3\">\n\t<td class=\"column-1\"><\/td><td class=\"column-2\"><\/td>\n<\/tr>\n<tr class=\"row-4\">\n\t<td class=\"column-1\"><h4>JUNE<\/h4><\/td><td class=\"column-2\"><\/td>\n<\/tr>\n<tr class=\"row-5\">\n\t<td class=\"column-1\">03-05<\/td><td class=\"column-2\"><s><strong>Saint \u00c9tienne (42)<\/strong>  \u239c  <a href=\"https:\/\/www.lacomedie.fr\/programmation\/la-saison-25-26\/en-famille\/falaise\" rel=\"noopener\" target=\"_blank\"><u>Com\u00e9die de Saint Etienne<\/u><\/a>  \u239c  3&nbsp;performances<\/s> (cancelled)<\/td>\n<\/tr>\n<\/tbody>\n<\/table>\n<!-- #tablepress-191 from cache -->[\/vc_column_text][\/vc_tta_section][vc_tta_section title=&#8221;L\u00c0&#8221; tab_id=&#8221;1657867959054-de8566ff-76ff&#8221;][vc_column_text css=&#8221;&#8221;]\n<table id=\"tablepress-198\" class=\"tablepress tablepress-id-198\">\n<tbody>\n<tr class=\"row-1\">\n\t<td class=\"column-1\"><h4>JANUARY<\/h4><\/td><td class=\"column-2\"><\/td>\n<\/tr>\n<tr class=\"row-2\">\n\t<td class=\"column-1\">10-24<\/td><td class=\"column-2\"><strong>Toulouse (31)<\/strong>  \u239c  <a href=\"https:\/\/theatre-cite.com\/programmation\/2025-2026\/spectacle\/la-3\/\" rel=\"noopener\" target=\"_blank\"><u>Th\u00e9\u00e2tredelaCit\u00e9<\/u><\/a> with the Orchestre de Chambre de Toulouse \u239c 12&nbsp;performances<\/td>\n<\/tr>\n<tr class=\"row-3\">\n\t<td class=\"column-1\"><\/td><td class=\"column-2\"><\/td>\n<\/tr>\n<tr class=\"row-4\">\n\t<td class=\"column-1\"><h4>FEBRUARY<\/h4><\/td><td class=\"column-2\"><\/td>\n<\/tr>\n<tr class=\"row-5\">\n\t<td class=\"column-1\">05-07<\/td><td class=\"column-2\"><strong>\u00c9vry (91)<\/strong>  \u239c  <a href=\"https:\/\/www.scenenationale-essonne.com\/saison\/la\" rel=\"noopener\" target=\"_blank\"><u>Sc\u00e8ne nationale de l'Essone<\/u><\/a>  \u239c 3&nbsp;performances<\/td>\n<\/tr>\n<tr class=\"row-6\">\n\t<td class=\"column-1\"><\/td><td class=\"column-2\"><\/td>\n<\/tr>\n<\/tbody>\n<\/table>\n<!-- #tablepress-198 from cache -->[\/vc_column_text][\/vc_tta_section][vc_tta_section title=&#8221;LA CACHETTE&#8221; tab_id=&#8221;1732543120002-5123dcdd-c210&#8243;][vc_column_text css=&#8221;&#8221;]\n<table id=\"tablepress-201\" class=\"tablepress tablepress-id-201\">\n<tbody>\n<tr class=\"row-1\">\n\t<td class=\"column-1\"><h4>JUNE<\/h4><\/td><td class=\"column-2\"><\/td>\n<\/tr>\n<tr class=\"row-2\">\n\t<td class=\"column-1\">10-11<\/td><td class=\"column-2\"><strong>Nantes (44)<\/strong>  \u239c  <a href=\"https:\/\/mixt.fr\/\" rel=\"noopener\" target=\"_blank\"><u>Mixt<\/u><\/a>  \u239c  2&nbsp;performances<\/td>\n<\/tr>\n<\/tbody>\n<\/table>\n<!-- #tablepress-201 from cache -->[\/vc_column_text][\/vc_tta_section][\/vc_tta_accordion][\/vc_column][\/vc_row]<\/p>\n<\/div>","protected":false},"excerpt":{"rendered":"<p>[vc_row padding_top_multiplier=&#8221;2x&#8221; padding_bottom_multiplier=&#8221;&#8221; equal_column_height=&#8221;equal-column&#8221;][vc_column vertical_content_position=&#8221;middle&#8221; width=&#8221;1\/3&#8243; mobile_width=&#8221;1-4&#8243; text_align=&#8221;center&#8221;][\/vc_column][vc_column vertical_content_position=&#8221;middle&#8221; width=&#8221;1\/3&#8243; mobile_width=&#8221;1-2&#8243;][\/vc_column][vc_column width=&#8221;1\/3&#8243; mobile_width=&#8221;1-4&#8243;][\/vc_column][\/vc_row][vc_row padding_bottom_multiplier=&#8221;2x&#8221;][vc_column][vc_tta_accordion c_align=&#8221;center&#8221; c_icon=&#8221;&#8221; active_section=&#8221;99&#8243; accordion_style=&#8221;style-2&#8243; heading_tag=&#8221;h4&#8243; heading=&#8221;h4&#8243; title_tag=&#8221;h4&#8243;][vc_tta_section title=&#8221;QUI SOM?&#8221; tab_id=&#8221;1657869424946-51978d3b-ebf6&#8243;][vc_column_text css=&#8221;&#8221;][\/vc_column_text][\/vc_tta_section][vc_tta_section title=&#8221;FALAISE&#8221; tab_id=&#8221;1657867959020-5ca86889-8303&#8243;][vc_column_text css=&#8221;&#8221;][\/vc_column_text][\/vc_tta_section][vc_tta_section title=&#8221;L\u00c0&#8221; tab_id=&#8221;1657867959054-de8566ff-76ff&#8221;][vc_column_text css=&#8221;&#8221;][\/vc_column_text][\/vc_tta_section][vc_tta_section title=&#8221;LA CACHETTE&#8221; tab_id=&#8221;1732543120002-5123dcdd-c210&#8243;][vc_column_text css=&#8221;&#8221;][\/vc_column_text][\/vc_tta_section][\/vc_tta_accordion][\/vc_column][\/vc_row]<\/p>\n","protected":false},"author":2,"featured_media":0,"parent":0,"menu_order":0,"comment_status":"closed","ping_status":"closed","template":"","meta":{"footnotes":""},"class_list":["post-9469","page","type-page","status-publish","hentry"],"yoast_head":"<!-- This site is optimized with the Yoast SEO plugin v26.9 - https:\/\/yoast.com\/product\/yoast-seo-wordpress\/ -->\n<title>Dates - Baro d&#039;evel<\/title>\n<meta name=\"robots\" content=\"index, follow, max-snippet:-1, max-image-preview:large, max-video-preview:-1\" \/>\n<link rel=\"canonical\" href=\"https:\/\/barodevel.com\/en\/dates\/\" \/>\n<meta property=\"og:locale\" content=\"en_US\" \/>\n<meta property=\"og:type\" content=\"article\" \/>\n<meta property=\"og:title\" content=\"Dates - Baro d&#039;evel\" \/>\n<meta property=\"og:description\" content=\"[vc_row padding_top_multiplier=&#8221;2x&#8221; padding_bottom_multiplier=&#8221;&#8221; equal_column_height=&#8221;equal-column&#8221;][vc_column vertical_content_position=&#8221;middle&#8221; width=&#8221;1\/3&#8243; mobile_width=&#8221;1-4&#8243; text_align=&#8221;center&#8221;][\/vc_column][vc_column vertical_content_position=&#8221;middle&#8221; width=&#8221;1\/3&#8243; mobile_width=&#8221;1-2&#8243;][\/vc_column][vc_column width=&#8221;1\/3&#8243; mobile_width=&#8221;1-4&#8243;][\/vc_column][\/vc_row][vc_row padding_bottom_multiplier=&#8221;2x&#8221;][vc_column][vc_tta_accordion c_align=&#8221;center&#8221; c_icon=&#8221;&#8221; active_section=&#8221;99&#8243; accordion_style=&#8221;style-2&#8243; heading_tag=&#8221;h4&#8243; heading=&#8221;h4&#8243; title_tag=&#8221;h4&#8243;][vc_tta_section title=&#8221;QUI SOM?&#8221; tab_id=&#8221;1657869424946-51978d3b-ebf6&#8243;][vc_column_text css=&#8221;&#8221;][\/vc_column_text][\/vc_tta_section][vc_tta_section title=&#8221;FALAISE&#8221; tab_id=&#8221;1657867959020-5ca86889-8303&#8243;][vc_column_text css=&#8221;&#8221;][\/vc_column_text][\/vc_tta_section][vc_tta_section title=&#8221;L\u00c0&#8221; tab_id=&#8221;1657867959054-de8566ff-76ff&#8221;][vc_column_text css=&#8221;&#8221;][\/vc_column_text][\/vc_tta_section][vc_tta_section title=&#8221;LA CACHETTE&#8221; tab_id=&#8221;1732543120002-5123dcdd-c210&#8243;][vc_column_text css=&#8221;&#8221;][\/vc_column_text][\/vc_tta_section][\/vc_tta_accordion][\/vc_column][\/vc_row]\" \/>\n<meta property=\"og:url\" content=\"https:\/\/barodevel.com\/en\/dates\/\" \/>\n<meta property=\"og:site_name\" content=\"Baro d&#039;evel\" \/>\n<meta property=\"article:publisher\" content=\"https:\/\/www.facebook.com\/barodevelcirk\/\" \/>\n<meta property=\"article:modified_time\" content=\"2025-06-20T11:53:17+00:00\" \/>\n<meta property=\"og:image\" content=\"https:\/\/barodevel.com\/wp-content\/uploads\/2018\/04\/la-micro.jpg\" \/>\n\t<meta property=\"og:image:width\" content=\"2000\" \/>\n\t<meta property=\"og:image:height\" content=\"1335\" \/>\n\t<meta property=\"og:image:type\" content=\"image\/jpeg\" \/>\n<meta name=\"twitter:card\" content=\"summary_large_image\" \/>\n<meta name=\"twitter:label1\" content=\"Est. reading time\" \/>\n\t<meta name=\"twitter:data1\" content=\"1 minute\" \/>\n<script type=\"application\/ld+json\" class=\"yoast-schema-graph\">{\"@context\":\"https:\/\/schema.org\",\"@graph\":[{\"@type\":\"WebPage\",\"@id\":\"https:\/\/barodevel.com\/en\/dates\/\",\"url\":\"https:\/\/barodevel.com\/en\/dates\/\",\"name\":\"Dates - Baro d&#039;evel\",\"isPartOf\":{\"@id\":\"https:\/\/barodevel.com\/ca\/#website\"},\"datePublished\":\"2018-03-11T13:44:32+00:00\",\"dateModified\":\"2025-06-20T11:53:17+00:00\",\"breadcrumb\":{\"@id\":\"https:\/\/barodevel.com\/en\/dates\/#breadcrumb\"},\"inLanguage\":\"en-US\",\"potentialAction\":[{\"@type\":\"ReadAction\",\"target\":[\"https:\/\/barodevel.com\/en\/dates\/\"]}]},{\"@type\":\"BreadcrumbList\",\"@id\":\"https:\/\/barodevel.com\/en\/dates\/#breadcrumb\",\"itemListElement\":[{\"@type\":\"ListItem\",\"position\":1,\"name\":\"Accueil\",\"item\":\"https:\/\/barodevel.com\/en\/\"},{\"@type\":\"ListItem\",\"position\":2,\"name\":\"Dates\"}]},{\"@type\":\"WebSite\",\"@id\":\"https:\/\/barodevel.com\/ca\/#website\",\"url\":\"https:\/\/barodevel.com\/ca\/\",\"name\":\"Baro d&#039;evel\",\"description\":\"\",\"publisher\":{\"@id\":\"https:\/\/barodevel.com\/ca\/#organization\"},\"potentialAction\":[{\"@type\":\"SearchAction\",\"target\":{\"@type\":\"EntryPoint\",\"urlTemplate\":\"https:\/\/barodevel.com\/ca\/?s={search_term_string}\"},\"query-input\":{\"@type\":\"PropertyValueSpecification\",\"valueRequired\":true,\"valueName\":\"search_term_string\"}}],\"inLanguage\":\"en-US\"},{\"@type\":\"Organization\",\"@id\":\"https:\/\/barodevel.com\/ca\/#organization\",\"name\":\"Baro d'evel\",\"url\":\"https:\/\/barodevel.com\/ca\/\",\"logo\":{\"@type\":\"ImageObject\",\"inLanguage\":\"en-US\",\"@id\":\"https:\/\/barodevel.com\/ca\/#\/schema\/logo\/image\/\",\"url\":\"https:\/\/barodevel.com\/wp-content\/uploads\/2018\/04\/baro-logo-mentions-legales-200.png\",\"contentUrl\":\"https:\/\/barodevel.com\/wp-content\/uploads\/2018\/04\/baro-logo-mentions-legales-200.png\",\"width\":200,\"height\":200,\"caption\":\"Baro d'evel\"},\"image\":{\"@id\":\"https:\/\/barodevel.com\/ca\/#\/schema\/logo\/image\/\"},\"sameAs\":[\"https:\/\/www.facebook.com\/barodevelcirk\/\",\"https:\/\/www.instagram.com\/barodevel\/\"]}]}<\/script>\n<!-- \/ Yoast SEO plugin. -->","yoast_head_json":{"title":"Dates - Baro d&#039;evel","robots":{"index":"index","follow":"follow","max-snippet":"max-snippet:-1","max-image-preview":"max-image-preview:large","max-video-preview":"max-video-preview:-1"},"canonical":"https:\/\/barodevel.com\/en\/dates\/","og_locale":"en_US","og_type":"article","og_title":"Dates - Baro d&#039;evel","og_description":"[vc_row padding_top_multiplier=&#8221;2x&#8221; padding_bottom_multiplier=&#8221;&#8221; equal_column_height=&#8221;equal-column&#8221;][vc_column vertical_content_position=&#8221;middle&#8221; width=&#8221;1\/3&#8243; mobile_width=&#8221;1-4&#8243; text_align=&#8221;center&#8221;][\/vc_column][vc_column vertical_content_position=&#8221;middle&#8221; width=&#8221;1\/3&#8243; mobile_width=&#8221;1-2&#8243;][\/vc_column][vc_column width=&#8221;1\/3&#8243; mobile_width=&#8221;1-4&#8243;][\/vc_column][\/vc_row][vc_row padding_bottom_multiplier=&#8221;2x&#8221;][vc_column][vc_tta_accordion c_align=&#8221;center&#8221; c_icon=&#8221;&#8221; active_section=&#8221;99&#8243; accordion_style=&#8221;style-2&#8243; heading_tag=&#8221;h4&#8243; heading=&#8221;h4&#8243; title_tag=&#8221;h4&#8243;][vc_tta_section title=&#8221;QUI SOM?&#8221; tab_id=&#8221;1657869424946-51978d3b-ebf6&#8243;][vc_column_text css=&#8221;&#8221;][\/vc_column_text][\/vc_tta_section][vc_tta_section title=&#8221;FALAISE&#8221; tab_id=&#8221;1657867959020-5ca86889-8303&#8243;][vc_column_text css=&#8221;&#8221;][\/vc_column_text][\/vc_tta_section][vc_tta_section title=&#8221;L\u00c0&#8221; tab_id=&#8221;1657867959054-de8566ff-76ff&#8221;][vc_column_text css=&#8221;&#8221;][\/vc_column_text][\/vc_tta_section][vc_tta_section title=&#8221;LA CACHETTE&#8221; tab_id=&#8221;1732543120002-5123dcdd-c210&#8243;][vc_column_text css=&#8221;&#8221;][\/vc_column_text][\/vc_tta_section][\/vc_tta_accordion][\/vc_column][\/vc_row]","og_url":"https:\/\/barodevel.com\/en\/dates\/","og_site_name":"Baro d&#039;evel","article_publisher":"https:\/\/www.facebook.com\/barodevelcirk\/","article_modified_time":"2025-06-20T11:53:17+00:00","og_image":[{"width":2000,"height":1335,"url":"https:\/\/barodevel.com\/wp-content\/uploads\/2018\/04\/la-micro.jpg","type":"image\/jpeg"}],"twitter_card":"summary_large_image","twitter_misc":{"Est. reading time":"1 minute"},"schema":{"@context":"https:\/\/schema.org","@graph":[{"@type":"WebPage","@id":"https:\/\/barodevel.com\/en\/dates\/","url":"https:\/\/barodevel.com\/en\/dates\/","name":"Dates - Baro d&#039;evel","isPartOf":{"@id":"https:\/\/barodevel.com\/ca\/#website"},"datePublished":"2018-03-11T13:44:32+00:00","dateModified":"2025-06-20T11:53:17+00:00","breadcrumb":{"@id":"https:\/\/barodevel.com\/en\/dates\/#breadcrumb"},"inLanguage":"en-US","potentialAction":[{"@type":"ReadAction","target":["https:\/\/barodevel.com\/en\/dates\/"]}]},{"@type":"BreadcrumbList","@id":"https:\/\/barodevel.com\/en\/dates\/#breadcrumb","itemListElement":[{"@type":"ListItem","position":1,"name":"Accueil","item":"https:\/\/barodevel.com\/en\/"},{"@type":"ListItem","position":2,"name":"Dates"}]},{"@type":"WebSite","@id":"https:\/\/barodevel.com\/ca\/#website","url":"https:\/\/barodevel.com\/ca\/","name":"Baro d&#039;evel","description":"","publisher":{"@id":"https:\/\/barodevel.com\/ca\/#organization"},"potentialAction":[{"@type":"SearchAction","target":{"@type":"EntryPoint","urlTemplate":"https:\/\/barodevel.com\/ca\/?s={search_term_string}"},"query-input":{"@type":"PropertyValueSpecification","valueRequired":true,"valueName":"search_term_string"}}],"inLanguage":"en-US"},{"@type":"Organization","@id":"https:\/\/barodevel.com\/ca\/#organization","name":"Baro d'evel","url":"https:\/\/barodevel.com\/ca\/","logo":{"@type":"ImageObject","inLanguage":"en-US","@id":"https:\/\/barodevel.com\/ca\/#\/schema\/logo\/image\/","url":"https:\/\/barodevel.com\/wp-content\/uploads\/2018\/04\/baro-logo-mentions-legales-200.png","contentUrl":"https:\/\/barodevel.com\/wp-content\/uploads\/2018\/04\/baro-logo-mentions-legales-200.png","width":200,"height":200,"caption":"Baro d'evel"},"image":{"@id":"https:\/\/barodevel.com\/ca\/#\/schema\/logo\/image\/"},"sameAs":["https:\/\/www.facebook.com\/barodevelcirk\/","https:\/\/www.instagram.com\/barodevel\/"]}]}},"_links":{"self":[{"href":"https:\/\/barodevel.com\/en\/wp-json\/wp\/v2\/pages\/9469","targetHints":{"allow":["GET"]}}],"collection":[{"href":"https:\/\/barodevel.com\/en\/wp-json\/wp\/v2\/pages"}],"about":[{"href":"https:\/\/barodevel.com\/en\/wp-json\/wp\/v2\/types\/page"}],"author":[{"embeddable":true,"href":"https:\/\/barodevel.com\/en\/wp-json\/wp\/v2\/users\/2"}],"replies":[{"embeddable":true,"href":"https:\/\/barodevel.com\/en\/wp-json\/wp\/v2\/comments?post=9469"}],"version-history":[{"count":3,"href":"https:\/\/barodevel.com\/en\/wp-json\/wp\/v2\/pages\/9469\/revisions"}],"predecessor-version":[{"id":11461,"href":"https:\/\/barodevel.com\/en\/wp-json\/wp\/v2\/pages\/9469\/revisions\/11461"}],"wp:attachment":[{"href":"https:\/\/barodevel.com\/en\/wp-json\/wp\/v2\/media?parent=9469"}],"curies":[{"name":"wp","href":"https:\/\/api.w.org\/{rel}","templated":true}]}}