{"id":3949,"date":"2018-04-06T16:15:38","date_gmt":"2018-04-06T16:15:38","guid":{"rendered":"https:\/\/barodevel.com\/?page_id=3949"},"modified":"2023-11-23T15:05:36","modified_gmt":"2023-11-23T15:05:36","slug":"legal-notice","status":"publish","type":"page","link":"https:\/\/barodevel.com\/en\/legal-notice\/","title":{"rendered":"Legal notice"},"content":{"rendered":"<div class=\"wpb-content-wrapper\"><p>[vc_row][vc_column width=&#8221;1\/6&#8243;][\/vc_column][vc_column width=&#8221;2\/3&#8243;][vc_column_text text_style=&#8221;leader-text&#8221;]<span style=\"font-size: 24pt; color: #a60000;\">BARO DcEVEL<\/span>[\/vc_column_text]<div class=\"grve-empty-space grve-height-2x\" style=\"\"><\/div>[vc_column_text]Association loi 1901 \/ SIRET 43507027100026<br \/>\n4 rue de la p\u00e9pini\u00e8re &#8211; 31200 Toulouse, France<br \/>\nTel: +33 5 67 33 60 20<br \/>\n<a href=\"mailto:contact@barodevel.com\"><span style=\"text-decoration: underline;\">Email<\/span><\/a>[\/vc_column_text]<div class=\"grve-empty-space grve-height-1x\" style=\"\"><\/div>[vc_column_text]Director of publication: Laurent Ballay[\/vc_column_text]<div class=\"grve-empty-space grve-height-2x\" style=\"\"><\/div>[vc_column_text]The company is under funding agreement with Minist\u00e8re de la culture et de la communication \u2013 Direction R\u00e9gionale des Affaires Culturelles d\u2019Occitanie \/ Pyr\u00e9n\u00e9es \u2013 M\u00e9diterran\u00e9e and R\u00e9gion Occitanie \/ Pyr\u00e9n\u00e9es \u2013 M\u00e9diterran\u00e9e.<br \/>\nIt receives financial supports from Direction G\u00e9n\u00e9rale de la Cr\u00e9ation Artistique, Minist\u00e8re de la Culture et de la Communication, Conseil d\u00e9partemental de la Haute-Garonne and Ville de Toulouse, as well as from Institut fran\u00e7ais on its international tours.\u00a0It receives the support of the Generalitat de Catalunya, Department of Cultura from September 2018 to September 2020.<\/p>\n<p>The company is &#8220;accomplice&#8221; of\u00a0<span style=\"text-decoration: underline;\"><a href=\"http:\/\/www.pronomades.org\/L-accompagnement-de-la-creation\" target=\"_blank\" rel=\"noopener noreferrer\">Pronomade(s) en Haute-Garonne<\/a><\/span>, CNAREP[\/vc_column_text]<div class=\"grve-empty-space grve-height-1x\" style=\"\"><\/div><div class=\"grve-element grve-image grve-align-left\" style=\"\">  <div class=\"grve-image-wrapper\"><img loading=\"lazy\" decoding=\"async\" width=\"952\" height=\"144\" src=\"https:\/\/barodevel.com\/wp-content\/uploads\/2018\/09\/logo-ml-4.png\" class=\"attachment-full size-full\" alt=\"logos partenaires mentions l\u00e9gales\" srcset=\"https:\/\/barodevel.com\/wp-content\/uploads\/2018\/09\/logo-ml-4.png 952w, https:\/\/barodevel.com\/wp-content\/uploads\/2018\/09\/logo-ml-4-600x91.png 600w, https:\/\/barodevel.com\/wp-content\/uploads\/2018\/09\/logo-ml-4-300x45.png 300w, https:\/\/barodevel.com\/wp-content\/uploads\/2018\/09\/logo-ml-4-768x116.png 768w\" sizes=\"auto, (max-width: 952px) 100vw, 952px\" \/>   <\/div><\/div><div class=\"grve-empty-space grve-height-2x\" style=\"\"><\/div>[vc_column_text css=&#8221;.vc_custom_1529676445153{padding-top: 20px !important;}&#8221;]\u00a9 Photos on the home page: Fran\u00e7ois Passerini \/ F. Passerini \/ Jordi Bover \/ F. Passerini \/ J. Bover \/ F. Passerini \/ F. Passerini \/ F. Passerini \/ Vincent Muteau \/ F. Passerini \/ F. Passerini \/ Alexandra Fleurantin \/ J. Bover \/ Josep Ros Ribas \/ F. Passerini \/ Nanouk Films \/ Fanny Thollot \/ Bla\u00ef Mateu Trias \/ A. Fleurantin \/ Bonnefrite \/ B. Mateu Trias \/ J. Bover \/ F. Passerini \/ F. Passerini \/ F. Passerini[\/vc_column_text]<div class=\"grve-empty-space grve-height-1x\" style=\"\"><\/div>[vc_column_text]Photo trimming, logo and font creation: Bla\u00ef Mateu Trias[\/vc_column_text]<div class=\"grve-empty-space grve-height-1x\" style=\"\"><\/div>[vc_column_text]Website design: Lo\u00efc Thisse \u2013 <span style=\"text-decoration: underline;\"><a href=\"https:\/\/loicthisse.com\" target=\"_blank\" rel=\"noopener noreferrer\">loicthisse.com<\/a><\/span>[\/vc_column_text]<div class=\"grve-empty-space grve-height-2x\" style=\"\"><\/div><div class=\"grve-element grve-image grve-align-center\" style=\"\">  <div class=\"grve-image-wrapper\"><img loading=\"lazy\" decoding=\"async\" width=\"200\" height=\"200\" src=\"https:\/\/barodevel.com\/wp-content\/uploads\/2018\/04\/baro-logo-mentions-legales-200.png\" class=\"attachment-full size-full\" alt=\"baro-logo-mentions-legales-200\" srcset=\"https:\/\/barodevel.com\/wp-content\/uploads\/2018\/04\/baro-logo-mentions-legales-200.png 200w, https:\/\/barodevel.com\/wp-content\/uploads\/2018\/04\/baro-logo-mentions-legales-200-100x100.png 100w, https:\/\/barodevel.com\/wp-content\/uploads\/2018\/04\/baro-logo-mentions-legales-200-150x150.png 150w\" sizes=\"auto, (max-width: 200px) 100vw, 200px\" \/>   <\/div><\/div><div class=\"grve-empty-space grve-height-2x\" style=\"\"><\/div>[vc_column_text]<span style=\"font-size: 10pt;\"><strong>Confidentiality<\/strong>: we value your privacy, which is why we do not collect or use any personal data for commercial purposes. We use Matomo to measure the website&#8217;s audience. Matomo is a privacy-friendly audience measurement tool recommended by the CNIL. Your IP address is anonymous and no personal data is collected.<br \/>\n<\/span><\/p>\n<p><span style=\"font-size: 10pt;\"><em>Embedded content from other sites (videos)<\/em>: videos embedded from YouTube or Vimeo behave in the same way as if the visitor were going to YouTube or Vimeo. These websites may collect data about you, use cookies, embed third-party tracking tools, track your interactions with such embedded content if you have an account logged into their website.<\/span><\/p>\n<p><span style=\"font-size: 10pt;\">When you order from our site, we ask you to provide information including your last name, first name, billing address, shipping address, phone number, email address and payment data.<\/span><br \/>\n<span style=\"font-size: 10pt;\">This information is used to:<\/span><br \/>\n<span style=\"font-size: 10pt;\">\u2013 contact you: order confirmation, invoice, refunds and returns<\/span><br \/>\n<span style=\"font-size: 10pt;\">\u2013 process your orders: payment, delivery, fraud prevention<\/span><br \/>\n<span style=\"font-size: 10pt;\">We store this information as long as we need it for the purpose for which we collect and use it.<\/span><\/p>\n<p><span style=\"font-size: 10pt;\"><a href=\"https:\/\/barodevel.com\/en\/general-terms-and-conditions\/\"><span style=\"text-decoration: underline;\">General terms &amp; conditions<\/span><\/a><\/span>[\/vc_column_text][\/vc_column][vc_column width=&#8221;1\/6&#8243;][\/vc_column][\/vc_row]<\/p>\n<\/div>","protected":false},"excerpt":{"rendered":"<p>[vc_row][vc_column width=&#8221;1\/6&#8243;][\/vc_column][vc_column width=&#8221;2\/3&#8243;][vc_column_text text_style=&#8221;leader-text&#8221;]BARO DcEVEL[\/vc_column_text][vc_column_text]Association loi 1901 \/ SIRET 43507027100026 4 rue de la p\u00e9pini\u00e8re &#8211; 31200 Toulouse, France Tel: +33 5 67 33 60 20 Email[\/vc_column_text][vc_column_text]Director of publication: Laurent Ballay[\/vc_column_text][vc_column_text]The company is under funding agreement with Minist\u00e8re de la culture et de la communication \u2013 Direction R\u00e9gionale des Affaires Culturelles d\u2019Occitanie \/ Pyr\u00e9n\u00e9es \u2013 [&hellip;]<\/p>\n","protected":false},"author":2,"featured_media":0,"parent":0,"menu_order":0,"comment_status":"closed","ping_status":"closed","template":"","meta":{"footnotes":""},"class_list":["post-3949","page","type-page","status-publish","hentry"],"yoast_head":"<!-- This site is optimized with the Yoast SEO plugin v26.9 - https:\/\/yoast.com\/product\/yoast-seo-wordpress\/ -->\n<title>Legal notice - Baro d&#039;evel<\/title>\n<meta name=\"description\" content=\"The company is licensed by the Minist\u00e8re de la culture et de la communication and the R\u00e9gion Occitanie \/ Pyr\u00e9n\u00e9es \u2013 M\u00e9diterran\u00e9e.\" \/>\n<meta name=\"robots\" content=\"index, follow, max-snippet:-1, max-image-preview:large, max-video-preview:-1\" \/>\n<link rel=\"canonical\" href=\"https:\/\/barodevel.com\/en\/legal-notice\/\" \/>\n<meta property=\"og:locale\" content=\"en_US\" \/>\n<meta property=\"og:type\" content=\"article\" \/>\n<meta property=\"og:title\" content=\"Legal notice - Baro d&#039;evel\" \/>\n<meta property=\"og:description\" content=\"The company is licensed by the Minist\u00e8re de la culture et de la communication and the R\u00e9gion Occitanie \/ Pyr\u00e9n\u00e9es \u2013 M\u00e9diterran\u00e9e.\" \/>\n<meta property=\"og:url\" content=\"https:\/\/barodevel.com\/en\/legal-notice\/\" \/>\n<meta property=\"og:site_name\" content=\"Baro d&#039;evel\" \/>\n<meta property=\"article:publisher\" content=\"https:\/\/www.facebook.com\/barodevelcirk\/\" \/>\n<meta property=\"article:modified_time\" content=\"2023-11-23T15:05:36+00:00\" \/>\n<meta property=\"og:image\" content=\"https:\/\/barodevel.com\/wp-content\/uploads\/2018\/04\/la-micro.jpg\" \/>\n\t<meta property=\"og:image:width\" content=\"2000\" \/>\n\t<meta property=\"og:image:height\" content=\"1335\" \/>\n\t<meta property=\"og:image:type\" content=\"image\/jpeg\" \/>\n<meta name=\"twitter:card\" content=\"summary_large_image\" \/>\n<meta name=\"twitter:label1\" content=\"Est. reading time\" \/>\n\t<meta name=\"twitter:data1\" content=\"3 minutes\" \/>\n<script type=\"application\/ld+json\" class=\"yoast-schema-graph\">{\"@context\":\"https:\/\/schema.org\",\"@graph\":[{\"@type\":\"WebPage\",\"@id\":\"https:\/\/barodevel.com\/en\/legal-notice\/\",\"url\":\"https:\/\/barodevel.com\/en\/legal-notice\/\",\"name\":\"Legal notice - Baro d&#039;evel\",\"isPartOf\":{\"@id\":\"https:\/\/barodevel.com\/ca\/#website\"},\"datePublished\":\"2018-04-06T16:15:38+00:00\",\"dateModified\":\"2023-11-23T15:05:36+00:00\",\"description\":\"The company is licensed by the Minist\u00e8re de la culture et de la communication and the R\u00e9gion Occitanie \/ Pyr\u00e9n\u00e9es \u2013 M\u00e9diterran\u00e9e.\",\"breadcrumb\":{\"@id\":\"https:\/\/barodevel.com\/en\/legal-notice\/#breadcrumb\"},\"inLanguage\":\"en-US\",\"potentialAction\":[{\"@type\":\"ReadAction\",\"target\":[\"https:\/\/barodevel.com\/en\/legal-notice\/\"]}]},{\"@type\":\"BreadcrumbList\",\"@id\":\"https:\/\/barodevel.com\/en\/legal-notice\/#breadcrumb\",\"itemListElement\":[{\"@type\":\"ListItem\",\"position\":1,\"name\":\"Accueil\",\"item\":\"https:\/\/barodevel.com\/en\/\"},{\"@type\":\"ListItem\",\"position\":2,\"name\":\"Legal notice\"}]},{\"@type\":\"WebSite\",\"@id\":\"https:\/\/barodevel.com\/ca\/#website\",\"url\":\"https:\/\/barodevel.com\/ca\/\",\"name\":\"Baro d&#039;evel\",\"description\":\"\",\"publisher\":{\"@id\":\"https:\/\/barodevel.com\/ca\/#organization\"},\"potentialAction\":[{\"@type\":\"SearchAction\",\"target\":{\"@type\":\"EntryPoint\",\"urlTemplate\":\"https:\/\/barodevel.com\/ca\/?s={search_term_string}\"},\"query-input\":{\"@type\":\"PropertyValueSpecification\",\"valueRequired\":true,\"valueName\":\"search_term_string\"}}],\"inLanguage\":\"en-US\"},{\"@type\":\"Organization\",\"@id\":\"https:\/\/barodevel.com\/ca\/#organization\",\"name\":\"Baro d'evel\",\"url\":\"https:\/\/barodevel.com\/ca\/\",\"logo\":{\"@type\":\"ImageObject\",\"inLanguage\":\"en-US\",\"@id\":\"https:\/\/barodevel.com\/ca\/#\/schema\/logo\/image\/\",\"url\":\"https:\/\/barodevel.com\/wp-content\/uploads\/2018\/04\/baro-logo-mentions-legales-200.png\",\"contentUrl\":\"https:\/\/barodevel.com\/wp-content\/uploads\/2018\/04\/baro-logo-mentions-legales-200.png\",\"width\":200,\"height\":200,\"caption\":\"Baro d'evel\"},\"image\":{\"@id\":\"https:\/\/barodevel.com\/ca\/#\/schema\/logo\/image\/\"},\"sameAs\":[\"https:\/\/www.facebook.com\/barodevelcirk\/\",\"https:\/\/www.instagram.com\/barodevel\/\"]}]}<\/script>\n<!-- \/ Yoast SEO plugin. -->","yoast_head_json":{"title":"Legal notice - Baro d&#039;evel","description":"The company is licensed by the Minist\u00e8re de la culture et de la communication and the R\u00e9gion Occitanie \/ Pyr\u00e9n\u00e9es \u2013 M\u00e9diterran\u00e9e.","robots":{"index":"index","follow":"follow","max-snippet":"max-snippet:-1","max-image-preview":"max-image-preview:large","max-video-preview":"max-video-preview:-1"},"canonical":"https:\/\/barodevel.com\/en\/legal-notice\/","og_locale":"en_US","og_type":"article","og_title":"Legal notice - Baro d&#039;evel","og_description":"The company is licensed by the Minist\u00e8re de la culture et de la communication and the R\u00e9gion Occitanie \/ Pyr\u00e9n\u00e9es \u2013 M\u00e9diterran\u00e9e.","og_url":"https:\/\/barodevel.com\/en\/legal-notice\/","og_site_name":"Baro d&#039;evel","article_publisher":"https:\/\/www.facebook.com\/barodevelcirk\/","article_modified_time":"2023-11-23T15:05:36+00:00","og_image":[{"width":2000,"height":1335,"url":"https:\/\/barodevel.com\/wp-content\/uploads\/2018\/04\/la-micro.jpg","type":"image\/jpeg"}],"twitter_card":"summary_large_image","twitter_misc":{"Est. reading time":"3 minutes"},"schema":{"@context":"https:\/\/schema.org","@graph":[{"@type":"WebPage","@id":"https:\/\/barodevel.com\/en\/legal-notice\/","url":"https:\/\/barodevel.com\/en\/legal-notice\/","name":"Legal notice - Baro d&#039;evel","isPartOf":{"@id":"https:\/\/barodevel.com\/ca\/#website"},"datePublished":"2018-04-06T16:15:38+00:00","dateModified":"2023-11-23T15:05:36+00:00","description":"The company is licensed by the Minist\u00e8re de la culture et de la communication and the R\u00e9gion Occitanie \/ Pyr\u00e9n\u00e9es \u2013 M\u00e9diterran\u00e9e.","breadcrumb":{"@id":"https:\/\/barodevel.com\/en\/legal-notice\/#breadcrumb"},"inLanguage":"en-US","potentialAction":[{"@type":"ReadAction","target":["https:\/\/barodevel.com\/en\/legal-notice\/"]}]},{"@type":"BreadcrumbList","@id":"https:\/\/barodevel.com\/en\/legal-notice\/#breadcrumb","itemListElement":[{"@type":"ListItem","position":1,"name":"Accueil","item":"https:\/\/barodevel.com\/en\/"},{"@type":"ListItem","position":2,"name":"Legal notice"}]},{"@type":"WebSite","@id":"https:\/\/barodevel.com\/ca\/#website","url":"https:\/\/barodevel.com\/ca\/","name":"Baro d&#039;evel","description":"","publisher":{"@id":"https:\/\/barodevel.com\/ca\/#organization"},"potentialAction":[{"@type":"SearchAction","target":{"@type":"EntryPoint","urlTemplate":"https:\/\/barodevel.com\/ca\/?s={search_term_string}"},"query-input":{"@type":"PropertyValueSpecification","valueRequired":true,"valueName":"search_term_string"}}],"inLanguage":"en-US"},{"@type":"Organization","@id":"https:\/\/barodevel.com\/ca\/#organization","name":"Baro d'evel","url":"https:\/\/barodevel.com\/ca\/","logo":{"@type":"ImageObject","inLanguage":"en-US","@id":"https:\/\/barodevel.com\/ca\/#\/schema\/logo\/image\/","url":"https:\/\/barodevel.com\/wp-content\/uploads\/2018\/04\/baro-logo-mentions-legales-200.png","contentUrl":"https:\/\/barodevel.com\/wp-content\/uploads\/2018\/04\/baro-logo-mentions-legales-200.png","width":200,"height":200,"caption":"Baro d'evel"},"image":{"@id":"https:\/\/barodevel.com\/ca\/#\/schema\/logo\/image\/"},"sameAs":["https:\/\/www.facebook.com\/barodevelcirk\/","https:\/\/www.instagram.com\/barodevel\/"]}]}},"_links":{"self":[{"href":"https:\/\/barodevel.com\/en\/wp-json\/wp\/v2\/pages\/3949","targetHints":{"allow":["GET"]}}],"collection":[{"href":"https:\/\/barodevel.com\/en\/wp-json\/wp\/v2\/pages"}],"about":[{"href":"https:\/\/barodevel.com\/en\/wp-json\/wp\/v2\/types\/page"}],"author":[{"embeddable":true,"href":"https:\/\/barodevel.com\/en\/wp-json\/wp\/v2\/users\/2"}],"replies":[{"embeddable":true,"href":"https:\/\/barodevel.com\/en\/wp-json\/wp\/v2\/comments?post=3949"}],"version-history":[{"count":0,"href":"https:\/\/barodevel.com\/en\/wp-json\/wp\/v2\/pages\/3949\/revisions"}],"wp:attachment":[{"href":"https:\/\/barodevel.com\/en\/wp-json\/wp\/v2\/media?parent=3949"}],"curies":[{"name":"wp","href":"https:\/\/api.w.org\/{rel}","templated":true}]}}