{"id":10197,"date":"2018-03-11T13:44:32","date_gmt":"2018-03-11T13:44:32","guid":{"rendered":"https:\/\/barodevel.com\/?page_id=10197"},"modified":"2023-01-18T08:02:52","modified_gmt":"2023-01-18T08:02:52","slug":"dates-2010-2011","status":"publish","type":"page","link":"https:\/\/barodevel.com\/en\/dates\/dates-2010-2011\/","title":{"rendered":"Dates 2010-2011"},"content":{"rendered":"<div class=\"wpb-content-wrapper\"><p>[vc_row padding_top_multiplier=&#8221;2x&#8221; padding_bottom_multiplier=&#8221;&#8221; equal_column_height=&#8221;equal-column&#8221;][vc_column vertical_content_position=&#8221;middle&#8221; width=&#8221;1\/3&#8243; mobile_width=&#8221;1-4&#8243; text_align=&#8221;center&#8221;][\/vc_column][vc_column vertical_content_position=&#8221;middle&#8221; width=&#8221;1\/3&#8243; mobile_width=&#8221;1-2&#8243;]<style type=\"text\/css\">.grve-title-gradient.grve-title-69de91d167ffe > span,.grve-title-gradient.grve-title-69de91d167ffe .grve-clipping-content > span {color: #ff9f00;background-image: -moz-linear-gradient(-45deg, #ff9f00 0%, #ff9f00 100%);background-image: -webkit-linear-gradient(-45deg, #ff9f00 0%, #ff9f00 100%);background-image: linear-gradient(135deg, #ff9f00 0%, #ff9f00 100%);}<\/style><h4 class=\"grve-element grve-title grve-align-center grve-h4 grve-title-gradient grve-title-69de91d167ffe\" style=\"margin-bottom: 32px;\"><span>\u00e7\u00f9\u00e2\u00f9\u00d6\u00e7\u00f9\u00e2\u00e2<\/span><\/h4>[\/vc_column][vc_column width=&#8221;1\/3&#8243; mobile_width=&#8221;1-4&#8243;]<style type=\"text\/css\">.grve-title-gradient.grve-title-69de91d16803b > span,.grve-title-gradient.grve-title-69de91d16803b .grve-clipping-content > span {color: #ff9f00;background-image: -moz-linear-gradient(-45deg, #ff9f00 0%, #ff9f00 100%);background-image: -webkit-linear-gradient(-45deg, #ff9f00 0%, #ff9f00 100%);background-image: linear-gradient(135deg, #ff9f00 0%, #ff9f00 100%);}<\/style><h4 class=\"grve-element grve-title grve-align-left grve-h4 grve-increase-heading grve-heading-120 grve-title-gradient grve-title-69de91d16803b\" style=\"margin-bottom: 32px;\"><span><a href=\"https:\/\/barodevel.com\/en\/dates\/dates-2011-2012\/\">d<\/a><\/span><\/h4>[\/vc_column][\/vc_row][vc_row padding_bottom_multiplier=&#8221;2x&#8221;][vc_column][vc_tta_accordion title_tag=&#8221;h4&#8243; c_align=&#8221;center&#8221; c_icon=&#8221;&#8221; active_section=&#8221;99&#8243; accordion_style=&#8221;style-2&#8243; heading_tag=&#8221;h4&#8243; heading=&#8221;h4&#8243;][vc_tta_section title=&#8221;LE SORT DU DEDANS&#8221; tab_id=&#8221;1662109444623-c3136c6e-7598&#8243;][vc_column_text]\n<table id=\"tablepress-141\" class=\"tablepress tablepress-id-141\">\n<tbody>\n<tr class=\"row-1\">\n\t<td class=\"column-1\"><h4>SEPTEMBER<\/h4><\/td><td class=\"column-2\"><\/td>\n<\/tr>\n<tr class=\"row-2\">\n\t<td class=\"column-1\">22-26<\/td><td class=\"column-2\"><strong>Tournefeuille<\/strong>  \u239c  Municipalit\u00e9  \u239c  4&nbsp;performances<\/td>\n<\/tr>\n<tr class=\"row-3\">\n\t<td class=\"column-1\"><\/td><td class=\"column-2\"><\/td>\n<\/tr>\n<tr class=\"row-4\">\n\t<td class=\"column-1\"><h4>OCTOBER<\/h4><\/td><td class=\"column-2\"><\/td>\n<\/tr>\n<tr class=\"row-5\">\n\t<td class=\"column-1\">06-08<\/td><td class=\"column-2\"><strong>Millau<\/strong>  \u239c Derri\u00e8re le hublot et Th\u00e9\u00e2tre du peuple \u239c 3&nbsp;performances<\/td>\n<\/tr>\n<tr class=\"row-6\">\n\t<td class=\"column-1\">08-10<\/td><td class=\"column-2\"><strong>Mende<\/strong>  \u239c La Verrerie p\u00f4le cirque et la municipalit\u00e9 \u239c 3&nbsp;performances<\/td>\n<\/tr>\n<tr class=\"row-7\">\n\t<td class=\"column-1\">22-24<\/td><td class=\"column-2\"><strong>Huesca (ES)<\/strong>  \u239c Municipalit\u00e9 \u239c 3&nbsp;performances<\/td>\n<\/tr>\n<tr class=\"row-8\">\n\t<td class=\"column-1\"><\/td><td class=\"column-2\"><\/td>\n<\/tr>\n<tr class=\"row-9\">\n\t<td class=\"column-1\"><h4>NOVEMBER<\/h4><\/td><td class=\"column-2\"><\/td>\n<\/tr>\n<tr class=\"row-10\">\n\t<td class=\"column-1\">03-05<\/td><td class=\"column-2\"><strong>Le Pradel<\/strong>  \u239c La Verrerie p\u00f4le cirque et le crat\u00e8re d'Al\u00e8s \u239c 3&nbsp;performances<\/td>\n<\/tr>\n<tr class=\"row-11\">\n\t<td class=\"column-1\">12-14<\/td><td class=\"column-2\"><strong>Rodez<\/strong>  \u239c  Derri\u00e8re le Hublot et MLC\u239c  3&nbsp;performances<\/td>\n<\/tr>\n<tr class=\"row-12\">\n\t<td class=\"column-1\"><\/td><td class=\"column-2\"><\/td>\n<\/tr>\n<tr class=\"row-13\">\n\t<td class=\"column-1\"><h4>DECEMBER<\/h4><\/td><td class=\"column-2\"><\/td>\n<\/tr>\n<tr class=\"row-14\">\n\t<td class=\"column-1\">08-19<\/td><td class=\"column-2\"><strong>Barcelone (CAT)<\/strong>  \u239c  Mercat de les Flors \u239c  8&nbsp;performances<\/td>\n<\/tr>\n<tr class=\"row-15\">\n\t<td class=\"column-1\"><\/td><td class=\"column-2\"><\/td>\n<\/tr>\n<tr class=\"row-16\">\n\t<td class=\"column-1\"><h4>FEBRUARY<\/h4><\/td><td class=\"column-2\"><\/td>\n<\/tr>\n<tr class=\"row-17\">\n\t<td class=\"column-1\">18-23<\/td><td class=\"column-2\"><strong>Valencia (ES)<\/strong>  \u239c  Festival VEO \u239c  6&nbsp;performances<\/td>\n<\/tr>\n<tr class=\"row-18\">\n\t<td class=\"column-1\"><\/td><td class=\"column-2\"><\/td>\n<\/tr>\n<tr class=\"row-19\">\n\t<td class=\"column-1\"><h4>MARCH<\/h4><\/td><td class=\"column-2\"><\/td>\n<\/tr>\n<tr class=\"row-20\">\n\t<td class=\"column-1\">02-06<\/td><td class=\"column-2\"><strong>Angers<\/strong>  \u239c  Le Quai \u239c  5&nbsp;performances<\/td>\n<\/tr>\n<tr class=\"row-21\">\n\t<td class=\"column-1\">18-31<\/td><td class=\"column-2\"><strong>Antony<\/strong>  \u239c  Th\u00e9\u00e2tre Firmin G\u00e9mier \u239c  17&nbsp;performances<\/td>\n<\/tr>\n<tr class=\"row-22\">\n\t<td class=\"column-1\"><\/td><td class=\"column-2\"><\/td>\n<\/tr>\n<tr class=\"row-23\">\n\t<td class=\"column-1\"><h4>APRIL<\/h4><\/td><td class=\"column-2\"><\/td>\n<\/tr>\n<tr class=\"row-24\">\n\t<td class=\"column-1\">01-03<\/td><td class=\"column-2\"><strong>Antony<\/strong>  \u239c  Th\u00e9\u00e2tre Firmin G\u00e9mier \u239c  17&nbsp;performances<\/td>\n<\/tr>\n<tr class=\"row-25\">\n\t<td class=\"column-1\"><\/td><td class=\"column-2\"><\/td>\n<\/tr>\n<tr class=\"row-26\">\n\t<td class=\"column-1\"><h4>MAY<\/h4><\/td><td class=\"column-2\"><\/td>\n<\/tr>\n<tr class=\"row-27\">\n\t<td class=\"column-1\">12-14<\/td><td class=\"column-2\"><strong>Inzizac Lochrist<\/strong>  \u239c  Trio Theatre \u239c  3&nbsp;performances<\/td>\n<\/tr>\n<tr class=\"row-28\">\n\t<td class=\"column-1\">20-22<\/td><td class=\"column-2\"><strong>Bruz<\/strong>  \u239c  Le Grand Logis \u239c  3&nbsp;performances<\/td>\n<\/tr>\n<tr class=\"row-29\">\n\t<td class=\"column-1\">31<\/td><td class=\"column-2\"><strong>Lannion<\/strong>  \u239c  Le Carr\u00e9 magique \u239c  1&nbsp;performances<\/td>\n<\/tr>\n<tr class=\"row-30\">\n\t<td class=\"column-1\"><\/td><td class=\"column-2\"><\/td>\n<\/tr>\n<tr class=\"row-31\">\n\t<td class=\"column-1\"><h4>JUNE<\/h4><\/td><td class=\"column-2\"><\/td>\n<\/tr>\n<tr class=\"row-32\">\n\t<td class=\"column-1\">01-04<\/td><td class=\"column-2\"><strong>Lannion<\/strong>  \u239c  Le Carr\u00e9 magique \u239c  4&nbsp;performances<\/td>\n<\/tr>\n<tr class=\"row-33\">\n\t<td class=\"column-1\">18-25<\/td><td class=\"column-2\"><strong>Lun\u00e9ville<\/strong>  \u239c  Municipalit\u00e9 \u239c  8&nbsp;performances<\/td>\n<\/tr>\n<tr class=\"row-34\">\n\t<td class=\"column-1\"><\/td><td class=\"column-2\"><\/td>\n<\/tr>\n<tr class=\"row-35\">\n\t<td class=\"column-1\"><h4>JULY<\/h4><\/td><td class=\"column-2\"><\/td>\n<\/tr>\n<tr class=\"row-36\">\n\t<td class=\"column-1\">01-03<\/td><td class=\"column-2\"><strong>Marke (BEL)<\/strong>  \u239c  Festival Humorologie \u239c  3&nbsp;performances<\/td>\n<\/tr>\n<tr class=\"row-37\">\n\t<td class=\"column-1\"><\/td><td class=\"column-2\"><\/td>\n<\/tr>\n<\/tbody>\n<\/table>\n<!-- #tablepress-141 from cache -->[\/vc_column_text][\/vc_tta_section][\/vc_tta_accordion][\/vc_column][\/vc_row]<\/p>\n<\/div>","protected":false},"excerpt":{"rendered":"<p>[vc_row padding_top_multiplier=&#8221;2x&#8221; padding_bottom_multiplier=&#8221;&#8221; equal_column_height=&#8221;equal-column&#8221;][vc_column vertical_content_position=&#8221;middle&#8221; width=&#8221;1\/3&#8243; mobile_width=&#8221;1-4&#8243; text_align=&#8221;center&#8221;][\/vc_column][vc_column vertical_content_position=&#8221;middle&#8221; width=&#8221;1\/3&#8243; mobile_width=&#8221;1-2&#8243;][\/vc_column][vc_column width=&#8221;1\/3&#8243; mobile_width=&#8221;1-4&#8243;][\/vc_column][\/vc_row][vc_row padding_bottom_multiplier=&#8221;2x&#8221;][vc_column][vc_tta_accordion title_tag=&#8221;h4&#8243; c_align=&#8221;center&#8221; c_icon=&#8221;&#8221; active_section=&#8221;99&#8243; accordion_style=&#8221;style-2&#8243; heading_tag=&#8221;h4&#8243; heading=&#8221;h4&#8243;][vc_tta_section title=&#8221;LE SORT DU DEDANS&#8221; tab_id=&#8221;1662109444623-c3136c6e-7598&#8243;][vc_column_text][\/vc_column_text][\/vc_tta_section][\/vc_tta_accordion][\/vc_column][\/vc_row]<\/p>\n","protected":false},"author":2,"featured_media":0,"parent":9469,"menu_order":0,"comment_status":"closed","ping_status":"closed","template":"","meta":{"footnotes":""},"class_list":["post-10197","page","type-page","status-publish","hentry"],"yoast_head":"<!-- This site is optimized with the Yoast SEO plugin v26.9 - https:\/\/yoast.com\/product\/yoast-seo-wordpress\/ -->\n<title>Dates 2010-2011 - Baro d&#039;evel<\/title>\n<meta name=\"robots\" content=\"index, follow, max-snippet:-1, max-image-preview:large, max-video-preview:-1\" \/>\n<link rel=\"canonical\" href=\"https:\/\/barodevel.com\/en\/dates\/dates-2010-2011\/\" \/>\n<meta property=\"og:locale\" content=\"en_US\" \/>\n<meta property=\"og:type\" content=\"article\" \/>\n<meta property=\"og:title\" content=\"Dates 2010-2011 - Baro d&#039;evel\" \/>\n<meta property=\"og:description\" content=\"[vc_row padding_top_multiplier=&#8221;2x&#8221; padding_bottom_multiplier=&#8221;&#8221; equal_column_height=&#8221;equal-column&#8221;][vc_column vertical_content_position=&#8221;middle&#8221; width=&#8221;1\/3&#8243; mobile_width=&#8221;1-4&#8243; text_align=&#8221;center&#8221;][\/vc_column][vc_column vertical_content_position=&#8221;middle&#8221; width=&#8221;1\/3&#8243; mobile_width=&#8221;1-2&#8243;][\/vc_column][vc_column width=&#8221;1\/3&#8243; mobile_width=&#8221;1-4&#8243;][\/vc_column][\/vc_row][vc_row padding_bottom_multiplier=&#8221;2x&#8221;][vc_column][vc_tta_accordion title_tag=&#8221;h4&#8243; c_align=&#8221;center&#8221; c_icon=&#8221;&#8221; active_section=&#8221;99&#8243; accordion_style=&#8221;style-2&#8243; heading_tag=&#8221;h4&#8243; heading=&#8221;h4&#8243;][vc_tta_section title=&#8221;LE SORT DU DEDANS&#8221; tab_id=&#8221;1662109444623-c3136c6e-7598&#8243;][vc_column_text][\/vc_column_text][\/vc_tta_section][\/vc_tta_accordion][\/vc_column][\/vc_row]\" \/>\n<meta property=\"og:url\" content=\"https:\/\/barodevel.com\/en\/dates\/dates-2010-2011\/\" \/>\n<meta property=\"og:site_name\" content=\"Baro d&#039;evel\" \/>\n<meta property=\"article:publisher\" content=\"https:\/\/www.facebook.com\/barodevelcirk\/\" \/>\n<meta property=\"article:modified_time\" content=\"2023-01-18T08:02:52+00:00\" \/>\n<meta property=\"og:image\" content=\"https:\/\/barodevel.com\/wp-content\/uploads\/2018\/04\/la-micro.jpg\" \/>\n\t<meta property=\"og:image:width\" content=\"2000\" \/>\n\t<meta property=\"og:image:height\" content=\"1335\" \/>\n\t<meta property=\"og:image:type\" content=\"image\/jpeg\" \/>\n<meta name=\"twitter:card\" content=\"summary_large_image\" \/>\n<meta name=\"twitter:label1\" content=\"Est. reading time\" \/>\n\t<meta name=\"twitter:data1\" content=\"1 minute\" \/>\n<script type=\"application\/ld+json\" class=\"yoast-schema-graph\">{\"@context\":\"https:\/\/schema.org\",\"@graph\":[{\"@type\":\"WebPage\",\"@id\":\"https:\/\/barodevel.com\/en\/dates\/dates-2010-2011\/\",\"url\":\"https:\/\/barodevel.com\/en\/dates\/dates-2010-2011\/\",\"name\":\"Dates 2010-2011 - Baro d&#039;evel\",\"isPartOf\":{\"@id\":\"https:\/\/barodevel.com\/ca\/#website\"},\"datePublished\":\"2018-03-11T13:44:32+00:00\",\"dateModified\":\"2023-01-18T08:02:52+00:00\",\"breadcrumb\":{\"@id\":\"https:\/\/barodevel.com\/en\/dates\/dates-2010-2011\/#breadcrumb\"},\"inLanguage\":\"en-US\",\"potentialAction\":[{\"@type\":\"ReadAction\",\"target\":[\"https:\/\/barodevel.com\/en\/dates\/dates-2010-2011\/\"]}]},{\"@type\":\"BreadcrumbList\",\"@id\":\"https:\/\/barodevel.com\/en\/dates\/dates-2010-2011\/#breadcrumb\",\"itemListElement\":[{\"@type\":\"ListItem\",\"position\":1,\"name\":\"Accueil\",\"item\":\"https:\/\/barodevel.com\/en\/\"},{\"@type\":\"ListItem\",\"position\":2,\"name\":\"Dates\",\"item\":\"https:\/\/barodevel.com\/en\/dates\/\"},{\"@type\":\"ListItem\",\"position\":3,\"name\":\"Dates 2010-2011\"}]},{\"@type\":\"WebSite\",\"@id\":\"https:\/\/barodevel.com\/ca\/#website\",\"url\":\"https:\/\/barodevel.com\/ca\/\",\"name\":\"Baro d&#039;evel\",\"description\":\"\",\"publisher\":{\"@id\":\"https:\/\/barodevel.com\/ca\/#organization\"},\"potentialAction\":[{\"@type\":\"SearchAction\",\"target\":{\"@type\":\"EntryPoint\",\"urlTemplate\":\"https:\/\/barodevel.com\/ca\/?s={search_term_string}\"},\"query-input\":{\"@type\":\"PropertyValueSpecification\",\"valueRequired\":true,\"valueName\":\"search_term_string\"}}],\"inLanguage\":\"en-US\"},{\"@type\":\"Organization\",\"@id\":\"https:\/\/barodevel.com\/ca\/#organization\",\"name\":\"Baro d'evel\",\"url\":\"https:\/\/barodevel.com\/ca\/\",\"logo\":{\"@type\":\"ImageObject\",\"inLanguage\":\"en-US\",\"@id\":\"https:\/\/barodevel.com\/ca\/#\/schema\/logo\/image\/\",\"url\":\"https:\/\/barodevel.com\/wp-content\/uploads\/2018\/04\/baro-logo-mentions-legales-200.png\",\"contentUrl\":\"https:\/\/barodevel.com\/wp-content\/uploads\/2018\/04\/baro-logo-mentions-legales-200.png\",\"width\":200,\"height\":200,\"caption\":\"Baro d'evel\"},\"image\":{\"@id\":\"https:\/\/barodevel.com\/ca\/#\/schema\/logo\/image\/\"},\"sameAs\":[\"https:\/\/www.facebook.com\/barodevelcirk\/\",\"https:\/\/www.instagram.com\/barodevel\/\"]}]}<\/script>\n<!-- \/ Yoast SEO plugin. -->","yoast_head_json":{"title":"Dates 2010-2011 - Baro d&#039;evel","robots":{"index":"index","follow":"follow","max-snippet":"max-snippet:-1","max-image-preview":"max-image-preview:large","max-video-preview":"max-video-preview:-1"},"canonical":"https:\/\/barodevel.com\/en\/dates\/dates-2010-2011\/","og_locale":"en_US","og_type":"article","og_title":"Dates 2010-2011 - Baro d&#039;evel","og_description":"[vc_row padding_top_multiplier=&#8221;2x&#8221; padding_bottom_multiplier=&#8221;&#8221; equal_column_height=&#8221;equal-column&#8221;][vc_column vertical_content_position=&#8221;middle&#8221; width=&#8221;1\/3&#8243; mobile_width=&#8221;1-4&#8243; text_align=&#8221;center&#8221;][\/vc_column][vc_column vertical_content_position=&#8221;middle&#8221; width=&#8221;1\/3&#8243; mobile_width=&#8221;1-2&#8243;][\/vc_column][vc_column width=&#8221;1\/3&#8243; mobile_width=&#8221;1-4&#8243;][\/vc_column][\/vc_row][vc_row padding_bottom_multiplier=&#8221;2x&#8221;][vc_column][vc_tta_accordion title_tag=&#8221;h4&#8243; c_align=&#8221;center&#8221; c_icon=&#8221;&#8221; active_section=&#8221;99&#8243; accordion_style=&#8221;style-2&#8243; heading_tag=&#8221;h4&#8243; heading=&#8221;h4&#8243;][vc_tta_section title=&#8221;LE SORT DU DEDANS&#8221; tab_id=&#8221;1662109444623-c3136c6e-7598&#8243;][vc_column_text][\/vc_column_text][\/vc_tta_section][\/vc_tta_accordion][\/vc_column][\/vc_row]","og_url":"https:\/\/barodevel.com\/en\/dates\/dates-2010-2011\/","og_site_name":"Baro d&#039;evel","article_publisher":"https:\/\/www.facebook.com\/barodevelcirk\/","article_modified_time":"2023-01-18T08:02:52+00:00","og_image":[{"width":2000,"height":1335,"url":"https:\/\/barodevel.com\/wp-content\/uploads\/2018\/04\/la-micro.jpg","type":"image\/jpeg"}],"twitter_card":"summary_large_image","twitter_misc":{"Est. reading time":"1 minute"},"schema":{"@context":"https:\/\/schema.org","@graph":[{"@type":"WebPage","@id":"https:\/\/barodevel.com\/en\/dates\/dates-2010-2011\/","url":"https:\/\/barodevel.com\/en\/dates\/dates-2010-2011\/","name":"Dates 2010-2011 - Baro d&#039;evel","isPartOf":{"@id":"https:\/\/barodevel.com\/ca\/#website"},"datePublished":"2018-03-11T13:44:32+00:00","dateModified":"2023-01-18T08:02:52+00:00","breadcrumb":{"@id":"https:\/\/barodevel.com\/en\/dates\/dates-2010-2011\/#breadcrumb"},"inLanguage":"en-US","potentialAction":[{"@type":"ReadAction","target":["https:\/\/barodevel.com\/en\/dates\/dates-2010-2011\/"]}]},{"@type":"BreadcrumbList","@id":"https:\/\/barodevel.com\/en\/dates\/dates-2010-2011\/#breadcrumb","itemListElement":[{"@type":"ListItem","position":1,"name":"Accueil","item":"https:\/\/barodevel.com\/en\/"},{"@type":"ListItem","position":2,"name":"Dates","item":"https:\/\/barodevel.com\/en\/dates\/"},{"@type":"ListItem","position":3,"name":"Dates 2010-2011"}]},{"@type":"WebSite","@id":"https:\/\/barodevel.com\/ca\/#website","url":"https:\/\/barodevel.com\/ca\/","name":"Baro d&#039;evel","description":"","publisher":{"@id":"https:\/\/barodevel.com\/ca\/#organization"},"potentialAction":[{"@type":"SearchAction","target":{"@type":"EntryPoint","urlTemplate":"https:\/\/barodevel.com\/ca\/?s={search_term_string}"},"query-input":{"@type":"PropertyValueSpecification","valueRequired":true,"valueName":"search_term_string"}}],"inLanguage":"en-US"},{"@type":"Organization","@id":"https:\/\/barodevel.com\/ca\/#organization","name":"Baro d'evel","url":"https:\/\/barodevel.com\/ca\/","logo":{"@type":"ImageObject","inLanguage":"en-US","@id":"https:\/\/barodevel.com\/ca\/#\/schema\/logo\/image\/","url":"https:\/\/barodevel.com\/wp-content\/uploads\/2018\/04\/baro-logo-mentions-legales-200.png","contentUrl":"https:\/\/barodevel.com\/wp-content\/uploads\/2018\/04\/baro-logo-mentions-legales-200.png","width":200,"height":200,"caption":"Baro d'evel"},"image":{"@id":"https:\/\/barodevel.com\/ca\/#\/schema\/logo\/image\/"},"sameAs":["https:\/\/www.facebook.com\/barodevelcirk\/","https:\/\/www.instagram.com\/barodevel\/"]}]}},"_links":{"self":[{"href":"https:\/\/barodevel.com\/en\/wp-json\/wp\/v2\/pages\/10197","targetHints":{"allow":["GET"]}}],"collection":[{"href":"https:\/\/barodevel.com\/en\/wp-json\/wp\/v2\/pages"}],"about":[{"href":"https:\/\/barodevel.com\/en\/wp-json\/wp\/v2\/types\/page"}],"author":[{"embeddable":true,"href":"https:\/\/barodevel.com\/en\/wp-json\/wp\/v2\/users\/2"}],"replies":[{"embeddable":true,"href":"https:\/\/barodevel.com\/en\/wp-json\/wp\/v2\/comments?post=10197"}],"version-history":[{"count":0,"href":"https:\/\/barodevel.com\/en\/wp-json\/wp\/v2\/pages\/10197\/revisions"}],"up":[{"embeddable":true,"href":"https:\/\/barodevel.com\/en\/wp-json\/wp\/v2\/pages\/9469"}],"wp:attachment":[{"href":"https:\/\/barodevel.com\/en\/wp-json\/wp\/v2\/media?parent=10197"}],"curies":[{"name":"wp","href":"https:\/\/api.w.org\/{rel}","templated":true}]}}