{"id":8271,"date":"2022-02-15T16:27:39","date_gmt":"2022-02-15T16:27:39","guid":{"rendered":"https:\/\/barodevel.com\/boutique\/les-beaux-gestes\/"},"modified":"2025-01-06T08:48:14","modified_gmt":"2025-01-06T08:48:14","slug":"les-beaux-gestes","status":"publish","type":"product","link":"https:\/\/barodevel.com\/ca\/producte\/les-beaux-gestes\/","title":{"rendered":"LES BEAUX GESTES"},"content":{"rendered":"<p>Portada sobre paper estucat mat de 170 g\/m\u00c7, contraencolat en un plaf\u00f3 de cartr\u00f3 de 3 mm.<br \/>\nCoberta anterior en paper Biotop 160 gm, contraencolat en un plaf\u00f3 de cartr\u00f3 de 3 mm.<br \/>\nEnquadernaci\u00f3 cosida amb fil a vista.<br \/>\nFulls de paper baix natural de 120 g\/m2.<br \/>\nISBN : 978-2-9581137-0-4<\/p>\n","protected":false},"excerpt":{"rendered":"<p>24,5 x 24,5 cm<br \/>\n352 p\u00e0gines<\/p>\n","protected":false},"featured_media":8126,"template":"","meta":[],"product_brand":[],"product_cat":[159],"product_tag":[],"class_list":{"0":"post-8271","1":"product","2":"type-product","3":"status-publish","4":"has-post-thumbnail","6":"product_cat-non-classe-ca","8":"first","9":"instock","10":"shipping-taxable","11":"purchasable","12":"product-type-simple"},"yoast_head":"<!-- This site is optimized with the Yoast SEO plugin v26.9 - https:\/\/yoast.com\/product\/yoast-seo-wordpress\/ -->\n<title>LES BEAUX GESTES - Baro d&#039;evel<\/title>\n<meta name=\"robots\" content=\"index, follow, max-snippet:-1, max-image-preview:large, max-video-preview:-1\" \/>\n<link rel=\"canonical\" href=\"https:\/\/barodevel.com\/ca\/producte\/les-beaux-gestes\/\" \/>\n<meta property=\"og:locale\" content=\"ca_ES\" \/>\n<meta property=\"og:type\" content=\"article\" \/>\n<meta property=\"og:title\" content=\"LES BEAUX GESTES - Baro d&#039;evel\" \/>\n<meta property=\"og:description\" content=\"24,5 x 24,5 cm 352 p\u00e0gines\" \/>\n<meta property=\"og:url\" content=\"https:\/\/barodevel.com\/ca\/producte\/les-beaux-gestes\/\" \/>\n<meta property=\"og:site_name\" content=\"Baro d&#039;evel\" \/>\n<meta property=\"article:publisher\" content=\"https:\/\/www.facebook.com\/barodevelcirk\/\" \/>\n<meta property=\"article:modified_time\" content=\"2025-01-06T08:48:14+00:00\" \/>\n<meta property=\"og:image\" content=\"https:\/\/barodevel.com\/wp-content\/uploads\/2022\/01\/les-beaux-gestes-couverture.jpg\" \/>\n\t<meta property=\"og:image:width\" content=\"1280\" \/>\n\t<meta property=\"og:image:height\" content=\"908\" \/>\n\t<meta property=\"og:image:type\" content=\"image\/jpeg\" \/>\n<meta name=\"twitter:card\" content=\"summary_large_image\" \/>\n<meta name=\"twitter:label1\" content=\"Temps estimat de lectura\" \/>\n\t<meta name=\"twitter:data1\" content=\"1 minut\" \/>\n<script type=\"application\/ld+json\" class=\"yoast-schema-graph\">{\"@context\":\"https:\/\/schema.org\",\"@graph\":[{\"@type\":\"WebPage\",\"@id\":\"https:\/\/barodevel.com\/ca\/producte\/les-beaux-gestes\/\",\"url\":\"https:\/\/barodevel.com\/ca\/producte\/les-beaux-gestes\/\",\"name\":\"LES BEAUX GESTES - Baro d&#039;evel\",\"isPartOf\":{\"@id\":\"https:\/\/barodevel.com\/ca\/#website\"},\"primaryImageOfPage\":{\"@id\":\"https:\/\/barodevel.com\/ca\/producte\/les-beaux-gestes\/#primaryimage\"},\"image\":{\"@id\":\"https:\/\/barodevel.com\/ca\/producte\/les-beaux-gestes\/#primaryimage\"},\"thumbnailUrl\":\"https:\/\/barodevel.com\/wp-content\/uploads\/2022\/01\/les-beaux-gestes-couverture.jpg\",\"datePublished\":\"2022-02-15T16:27:39+00:00\",\"dateModified\":\"2025-01-06T08:48:14+00:00\",\"breadcrumb\":{\"@id\":\"https:\/\/barodevel.com\/ca\/producte\/les-beaux-gestes\/#breadcrumb\"},\"inLanguage\":\"ca\",\"potentialAction\":[{\"@type\":\"ReadAction\",\"target\":[\"https:\/\/barodevel.com\/ca\/producte\/les-beaux-gestes\/\"]}]},{\"@type\":\"ImageObject\",\"inLanguage\":\"ca\",\"@id\":\"https:\/\/barodevel.com\/ca\/producte\/les-beaux-gestes\/#primaryimage\",\"url\":\"https:\/\/barodevel.com\/wp-content\/uploads\/2022\/01\/les-beaux-gestes-couverture.jpg\",\"contentUrl\":\"https:\/\/barodevel.com\/wp-content\/uploads\/2022\/01\/les-beaux-gestes-couverture.jpg\",\"width\":1280,\"height\":908,\"caption\":\"les-beaux-gestes-couverture\"},{\"@type\":\"BreadcrumbList\",\"@id\":\"https:\/\/barodevel.com\/ca\/producte\/les-beaux-gestes\/#breadcrumb\",\"itemListElement\":[{\"@type\":\"ListItem\",\"position\":1,\"name\":\"Accueil\",\"item\":\"https:\/\/barodevel.com\/ca\/\"},{\"@type\":\"ListItem\",\"position\":2,\"name\":\"Shop\",\"item\":\"https:\/\/barodevel.com\/ca\/shop\/\"},{\"@type\":\"ListItem\",\"position\":3,\"name\":\"LES BEAUX GESTES\"}]},{\"@type\":\"WebSite\",\"@id\":\"https:\/\/barodevel.com\/ca\/#website\",\"url\":\"https:\/\/barodevel.com\/ca\/\",\"name\":\"Baro d&#039;evel\",\"description\":\"\",\"publisher\":{\"@id\":\"https:\/\/barodevel.com\/ca\/#organization\"},\"potentialAction\":[{\"@type\":\"SearchAction\",\"target\":{\"@type\":\"EntryPoint\",\"urlTemplate\":\"https:\/\/barodevel.com\/ca\/?s={search_term_string}\"},\"query-input\":{\"@type\":\"PropertyValueSpecification\",\"valueRequired\":true,\"valueName\":\"search_term_string\"}}],\"inLanguage\":\"ca\"},{\"@type\":\"Organization\",\"@id\":\"https:\/\/barodevel.com\/ca\/#organization\",\"name\":\"Baro d'evel\",\"url\":\"https:\/\/barodevel.com\/ca\/\",\"logo\":{\"@type\":\"ImageObject\",\"inLanguage\":\"ca\",\"@id\":\"https:\/\/barodevel.com\/ca\/#\/schema\/logo\/image\/\",\"url\":\"https:\/\/barodevel.com\/wp-content\/uploads\/2018\/04\/baro-logo-mentions-legales-200.png\",\"contentUrl\":\"https:\/\/barodevel.com\/wp-content\/uploads\/2018\/04\/baro-logo-mentions-legales-200.png\",\"width\":200,\"height\":200,\"caption\":\"Baro d'evel\"},\"image\":{\"@id\":\"https:\/\/barodevel.com\/ca\/#\/schema\/logo\/image\/\"},\"sameAs\":[\"https:\/\/www.facebook.com\/barodevelcirk\/\",\"https:\/\/www.instagram.com\/barodevel\/\"]}]}<\/script>\n<!-- \/ Yoast SEO plugin. -->","yoast_head_json":{"title":"LES BEAUX GESTES - Baro d&#039;evel","robots":{"index":"index","follow":"follow","max-snippet":"max-snippet:-1","max-image-preview":"max-image-preview:large","max-video-preview":"max-video-preview:-1"},"canonical":"https:\/\/barodevel.com\/ca\/producte\/les-beaux-gestes\/","og_locale":"ca_ES","og_type":"article","og_title":"LES BEAUX GESTES - Baro d&#039;evel","og_description":"24,5 x 24,5 cm 352 p\u00e0gines","og_url":"https:\/\/barodevel.com\/ca\/producte\/les-beaux-gestes\/","og_site_name":"Baro d&#039;evel","article_publisher":"https:\/\/www.facebook.com\/barodevelcirk\/","article_modified_time":"2025-01-06T08:48:14+00:00","og_image":[{"width":1280,"height":908,"url":"https:\/\/barodevel.com\/wp-content\/uploads\/2022\/01\/les-beaux-gestes-couverture.jpg","type":"image\/jpeg"}],"twitter_card":"summary_large_image","twitter_misc":{"Temps estimat de lectura":"1 minut"},"schema":{"@context":"https:\/\/schema.org","@graph":[{"@type":"WebPage","@id":"https:\/\/barodevel.com\/ca\/producte\/les-beaux-gestes\/","url":"https:\/\/barodevel.com\/ca\/producte\/les-beaux-gestes\/","name":"LES BEAUX GESTES - Baro d&#039;evel","isPartOf":{"@id":"https:\/\/barodevel.com\/ca\/#website"},"primaryImageOfPage":{"@id":"https:\/\/barodevel.com\/ca\/producte\/les-beaux-gestes\/#primaryimage"},"image":{"@id":"https:\/\/barodevel.com\/ca\/producte\/les-beaux-gestes\/#primaryimage"},"thumbnailUrl":"https:\/\/barodevel.com\/wp-content\/uploads\/2022\/01\/les-beaux-gestes-couverture.jpg","datePublished":"2022-02-15T16:27:39+00:00","dateModified":"2025-01-06T08:48:14+00:00","breadcrumb":{"@id":"https:\/\/barodevel.com\/ca\/producte\/les-beaux-gestes\/#breadcrumb"},"inLanguage":"ca","potentialAction":[{"@type":"ReadAction","target":["https:\/\/barodevel.com\/ca\/producte\/les-beaux-gestes\/"]}]},{"@type":"ImageObject","inLanguage":"ca","@id":"https:\/\/barodevel.com\/ca\/producte\/les-beaux-gestes\/#primaryimage","url":"https:\/\/barodevel.com\/wp-content\/uploads\/2022\/01\/les-beaux-gestes-couverture.jpg","contentUrl":"https:\/\/barodevel.com\/wp-content\/uploads\/2022\/01\/les-beaux-gestes-couverture.jpg","width":1280,"height":908,"caption":"les-beaux-gestes-couverture"},{"@type":"BreadcrumbList","@id":"https:\/\/barodevel.com\/ca\/producte\/les-beaux-gestes\/#breadcrumb","itemListElement":[{"@type":"ListItem","position":1,"name":"Accueil","item":"https:\/\/barodevel.com\/ca\/"},{"@type":"ListItem","position":2,"name":"Shop","item":"https:\/\/barodevel.com\/ca\/shop\/"},{"@type":"ListItem","position":3,"name":"LES BEAUX GESTES"}]},{"@type":"WebSite","@id":"https:\/\/barodevel.com\/ca\/#website","url":"https:\/\/barodevel.com\/ca\/","name":"Baro d&#039;evel","description":"","publisher":{"@id":"https:\/\/barodevel.com\/ca\/#organization"},"potentialAction":[{"@type":"SearchAction","target":{"@type":"EntryPoint","urlTemplate":"https:\/\/barodevel.com\/ca\/?s={search_term_string}"},"query-input":{"@type":"PropertyValueSpecification","valueRequired":true,"valueName":"search_term_string"}}],"inLanguage":"ca"},{"@type":"Organization","@id":"https:\/\/barodevel.com\/ca\/#organization","name":"Baro d'evel","url":"https:\/\/barodevel.com\/ca\/","logo":{"@type":"ImageObject","inLanguage":"ca","@id":"https:\/\/barodevel.com\/ca\/#\/schema\/logo\/image\/","url":"https:\/\/barodevel.com\/wp-content\/uploads\/2018\/04\/baro-logo-mentions-legales-200.png","contentUrl":"https:\/\/barodevel.com\/wp-content\/uploads\/2018\/04\/baro-logo-mentions-legales-200.png","width":200,"height":200,"caption":"Baro d'evel"},"image":{"@id":"https:\/\/barodevel.com\/ca\/#\/schema\/logo\/image\/"},"sameAs":["https:\/\/www.facebook.com\/barodevelcirk\/","https:\/\/www.instagram.com\/barodevel\/"]}]}},"_links":{"self":[{"href":"https:\/\/barodevel.com\/ca\/wp-json\/wp\/v2\/product\/8271","targetHints":{"allow":["GET"]}}],"collection":[{"href":"https:\/\/barodevel.com\/ca\/wp-json\/wp\/v2\/product"}],"about":[{"href":"https:\/\/barodevel.com\/ca\/wp-json\/wp\/v2\/types\/product"}],"wp:featuredmedia":[{"embeddable":true,"href":"https:\/\/barodevel.com\/ca\/wp-json\/wp\/v2\/media\/8126"}],"wp:attachment":[{"href":"https:\/\/barodevel.com\/ca\/wp-json\/wp\/v2\/media?parent=8271"}],"wp:term":[{"taxonomy":"product_brand","embeddable":true,"href":"https:\/\/barodevel.com\/ca\/wp-json\/wp\/v2\/product_brand?post=8271"},{"taxonomy":"product_cat","embeddable":true,"href":"https:\/\/barodevel.com\/ca\/wp-json\/wp\/v2\/product_cat?post=8271"},{"taxonomy":"product_tag","embeddable":true,"href":"https:\/\/barodevel.com\/ca\/wp-json\/wp\/v2\/product_tag?post=8271"}],"curies":[{"name":"wp","href":"https:\/\/api.w.org\/{rel}","templated":true}]}}