{"id":9924,"date":"2018-03-11T13:44:32","date_gmt":"2018-03-11T13:44:32","guid":{"rendered":"https:\/\/barodevel.com\/?page_id=9924"},"modified":"2023-01-18T07:44:45","modified_gmt":"2023-01-18T07:44:45","slug":"dates-2016-2017","status":"publish","type":"page","link":"https:\/\/barodevel.com\/ca\/dates\/dates-2016-2017\/","title":{"rendered":"Dates 2016-2017"},"content":{"rendered":"<div class=\"wpb-content-wrapper\"><p>[vc_row padding_top_multiplier=&#8221;2x&#8221; padding_bottom_multiplier=&#8221;&#8221; equal_column_height=&#8221;equal-column&#8221;][vc_column vertical_content_position=&#8221;middle&#8221; width=&#8221;1\/3&#8243; mobile_width=&#8221;1-4&#8243; text_align=&#8221;center&#8221;]<style type=\"text\/css\">.grve-title-gradient.grve-title-69d7b212ef3ba > span,.grve-title-gradient.grve-title-69d7b212ef3ba .grve-clipping-content > span {color: #ff9f00;background-image: -moz-linear-gradient(-45deg, #ff9f00 0%, #ff9f00 100%);background-image: -webkit-linear-gradient(-45deg, #ff9f00 0%, #ff9f00 100%);background-image: linear-gradient(135deg, #ff9f00 0%, #ff9f00 100%);}<\/style><h4 class=\"grve-element grve-title grve-align-right grve-h4 grve-increase-heading grve-heading-120 grve-title-gradient grve-title-69d7b212ef3ba\" style=\"margin-bottom: 32px;\"><span><a href=\"https:\/\/barodevel.com\/ca\/dates\/dates-2015-2016\/\">e<\/a><\/span><\/h4>[\/vc_column][vc_column vertical_content_position=&#8221;middle&#8221; width=&#8221;1\/3&#8243; mobile_width=&#8221;1-2&#8243;]<style type=\"text\/css\">.grve-title-gradient.grve-title-69d7b212ef3fd > span,.grve-title-gradient.grve-title-69d7b212ef3fd .grve-clipping-content > span {color: #ff9f00;background-image: -moz-linear-gradient(-45deg, #ff9f00 0%, #ff9f00 100%);background-image: -webkit-linear-gradient(-45deg, #ff9f00 0%, #ff9f00 100%);background-image: linear-gradient(135deg, #ff9f00 0%, #ff9f00 100%);}<\/style><h4 class=\"grve-element grve-title grve-align-center grve-h4 grve-title-gradient grve-title-69d7b212ef3fd\" style=\"margin-bottom: 32px;\"><span>\u00e7\u00f9\u00e2\u00eb\u00d6\u00e7\u00f9\u00e2\u00f2<\/span><\/h4>[\/vc_column][vc_column width=&#8221;1\/3&#8243; mobile_width=&#8221;1-4&#8243;]<style type=\"text\/css\">.grve-title-gradient.grve-title-69d7b212ef421 > span,.grve-title-gradient.grve-title-69d7b212ef421 .grve-clipping-content > span {color: #ff9f00;background-image: -moz-linear-gradient(-45deg, #ff9f00 0%, #ff9f00 100%);background-image: -webkit-linear-gradient(-45deg, #ff9f00 0%, #ff9f00 100%);background-image: linear-gradient(135deg, #ff9f00 0%, #ff9f00 100%);}<\/style><h4 class=\"grve-element grve-title grve-align-left grve-h4 grve-increase-heading grve-heading-120 grve-title-gradient grve-title-69d7b212ef421\" style=\"margin-bottom: 32px;\"><span><a href=\"https:\/\/barodevel.com\/ca\/dates\/dates-2017-2018\/\">d<\/a><\/span><\/h4>[\/vc_column][\/vc_row][vc_row padding_bottom_multiplier=&#8221;2x&#8221;][vc_column][vc_tta_accordion title_tag=&#8221;h4&#8243; c_align=&#8221;center&#8221; c_icon=&#8221;&#8221; active_section=&#8221;99&#8243; accordion_style=&#8221;style-2&#8243; heading_tag=&#8221;h4&#8243; heading=&#8221;h4&#8243;][vc_tta_section title=&#8221;BESTIAS&#8221; tab_id=&#8221;1662107395915-d19a8f02-a04f&#8221;][vc_column_text]\n<table id=\"tablepress-58\" class=\"tablepress tablepress-id-58\">\n<tbody>\n<tr class=\"row-1\">\n\t<td class=\"column-1\"><h4>OCTUBRE<\/h4><\/td><td class=\"column-2\"><\/td>\n<\/tr>\n<tr class=\"row-2\">\n\t<td class=\"column-1\">01-05<\/td><td class=\"column-2\"><strong>Soumoulou<\/strong>  \u239c  Sc\u00e8ne Nationale de Tarbes  \u239c  4&nbsp;representacions<\/td>\n<\/tr>\n<tr class=\"row-3\">\n\t<td class=\"column-1\">11-15<\/td><td class=\"column-2\"><strong>B\u00e8gles<\/strong>  \u239c  CREAC  \u239c  4&nbsp;representacions<\/td>\n<\/tr>\n<tr class=\"row-4\">\n\t<td class=\"column-1\"><\/td><td class=\"column-2\"><\/td>\n<\/tr>\n<tr class=\"row-5\">\n\t<td class=\"column-1\"><h4>NOVEMBRE<\/h4><\/td><td class=\"column-2\"><\/td>\n<\/tr>\n<tr class=\"row-6\">\n\t<td class=\"column-1\">03-06<\/td><td class=\"column-2\"><strong>Bayonne<\/strong>  \u239c  Sc\u00e8ne Nationale de Bayonne  \u239c  4&nbsp;representacions<\/td>\n<\/tr>\n<tr class=\"row-7\">\n\t<td class=\"column-1\">19-30<\/td><td class=\"column-2\"><strong>Nantes<\/strong>  \u239c  Le Grand T  \u239c  20&nbsp;representacions<\/td>\n<\/tr>\n<tr class=\"row-8\">\n\t<td class=\"column-1\"><\/td><td class=\"column-2\"><\/td>\n<\/tr>\n<tr class=\"row-9\">\n\t<td class=\"column-1\"><h4>DESEMBRE<\/h4><\/td><td class=\"column-2\"><\/td>\n<\/tr>\n<tr class=\"row-10\">\n\t<td class=\"column-1\">01-16<\/td><td class=\"column-2\"><strong>Nantes<\/strong>  \u239c  Le Grand T  \u239c  20&nbsp;representacions<\/td>\n<\/tr>\n<tr class=\"row-11\">\n\t<td class=\"column-1\"><\/td><td class=\"column-2\"><\/td>\n<\/tr>\n<tr class=\"row-12\">\n\t<td class=\"column-1\"><h4>GENER<\/h4><\/td><td class=\"column-2\"><\/td>\n<\/tr>\n<tr class=\"row-13\">\n\t<td class=\"column-1\">28-31<\/td><td class=\"column-2\"><strong>Cavaillon<\/strong>  \u239c  La Garance, sc\u00e8ne nationale  \u239c  4&nbsp;representacions<\/td>\n<\/tr>\n<tr class=\"row-14\">\n\t<td class=\"column-1\"><\/td><td class=\"column-2\"><\/td>\n<\/tr>\n<tr class=\"row-15\">\n\t<td class=\"column-1\"><h4>FEBRER<\/h4><\/td><td class=\"column-2\"><\/td>\n<\/tr>\n<tr class=\"row-16\">\n\t<td class=\"column-1\">01<\/td><td class=\"column-2\"><strong>Cavaillon<\/strong>  \u239c  La Garance, sc\u00e8ne nationale  \u239c  4&nbsp;representacions<\/td>\n<\/tr>\n<tr class=\"row-17\">\n\t<td class=\"column-1\">08-12<\/td><td class=\"column-2\"><strong>Gap<\/strong>  \u239c  La Passerelle, sc\u00e8ne nationale  \u239c  4&nbsp;representacions<\/td>\n<\/tr>\n<tr class=\"row-18\">\n\t<td class=\"column-1\"><\/td><td class=\"column-2\"><\/td>\n<\/tr>\n<tr class=\"row-19\">\n\t<td class=\"column-1\"><h4>MAR\u00c7<\/h4><\/td><td class=\"column-2\"><\/td>\n<\/tr>\n<tr class=\"row-20\">\n\t<td class=\"column-1\">19-30<\/td><td class=\"column-2\"><strong>Rennes<\/strong>  \u239c  Ay-Roop  \u239c  9&nbsp;representacions<\/td>\n<\/tr>\n<tr class=\"row-21\">\n\t<td class=\"column-1\"><\/td><td class=\"column-2\"><\/td>\n<\/tr>\n<tr class=\"row-22\">\n\t<td class=\"column-1\"><h4>ABRIL<\/h4><\/td><td class=\"column-2\"><\/td>\n<\/tr>\n<tr class=\"row-23\">\n\t<td class=\"column-1\">07-17<\/td><td class=\"column-2\"><strong>Brizambourg<\/strong>  \u239c  L'avant sc\u00e8ne, St J D'Ang\u00e9ly et Saintes  \u239c  4&nbsp;representacions<\/td>\n<\/tr>\n<tr class=\"row-24\">\n\t<td class=\"column-1\"><\/td><td class=\"column-2\"><\/td>\n<\/tr>\n<tr class=\"row-25\">\n\t<td class=\"column-1\"><h4>MAIG<\/h4><\/td><td class=\"column-2\"><\/td>\n<\/tr>\n<tr class=\"row-26\">\n\t<td class=\"column-1\">11-15<\/td><td class=\"column-2\"><strong>La Roche sur Yon<\/strong>  \u239c  Le Grand R, sc\u00e8ne nationale  \u239c  4&nbsp;representacions<\/td>\n<\/tr>\n<tr class=\"row-27\">\n\t<td class=\"column-1\">25-28<\/td><td class=\"column-2\"><strong>Lannion<\/strong>  \u239c  Carr\u00e9 Magique  \u239c  4&nbsp;representacions<\/td>\n<\/tr>\n<tr class=\"row-28\">\n\t<td class=\"column-1\"><\/td><td class=\"column-2\"><\/td>\n<\/tr>\n<tr class=\"row-29\">\n\t<td class=\"column-1\"><h4>JUNY<\/h4><\/td><td class=\"column-2\"><\/td>\n<\/tr>\n<tr class=\"row-30\">\n\t<td class=\"column-1\">04-14<\/td><td class=\"column-2\"><strong>Hennebont<\/strong>  \u239c  CDN Lorient - Haras Hennebont et Trio Th\u00e9atre  \u239c  8&nbsp;representacions<\/td>\n<\/tr>\n<\/tbody>\n<\/table>\n<!-- #tablepress-58 from cache -->[\/vc_column_text][\/vc_tta_section][vc_tta_section title=&#8221;LA CACHETTE&#8221; tab_id=&#8221;1662109444623-c3136c6e-7598&#8243;][vc_column_text]\n<table id=\"tablepress-97\" class=\"tablepress tablepress-id-97\">\n<tbody>\n<tr class=\"row-1\">\n\t<td class=\"column-1\"><h4>DESEMBRE<\/h4><\/td><td class=\"column-2\"><\/td>\n<\/tr>\n<tr class=\"row-2\">\n\t<td class=\"column-1\">03<\/td><td class=\"column-2\"><strong>Nantes<\/strong>  \u239c  Le Grand T  \u239c  2&nbsp;representacions<\/td>\n<\/tr>\n<tr class=\"row-3\">\n\t<td class=\"column-1\"><\/td><td class=\"column-2\"><\/td>\n<\/tr>\n<tr class=\"row-4\">\n\t<td class=\"column-1\"><h4>MARXA<\/h4><\/td><td class=\"column-2\"><\/td>\n<\/tr>\n<tr class=\"row-5\">\n\t<td class=\"column-1\">22<\/td><td class=\"column-2\"><strong>Rennes<\/strong>  \u239c  Ay-Roop  \u239c  1&nbsp;representaci\u00f3<\/td>\n<\/tr>\n<\/tbody>\n<\/table>\n<!-- #tablepress-97 from cache -->[\/vc_column_text][\/vc_tta_section][vc_tta_section title=&#8221;THE MISSING PART&#8221; tab_id=&#8221;1674027868525-edd09885-1ab9&#8243;][vc_column_text]\n<table id=\"tablepress-152\" class=\"tablepress tablepress-id-152\">\n<tbody>\n<tr class=\"row-1\">\n\t<td class=\"column-1\"><h4>OCTUBRE<\/h4><\/td><td class=\"column-2\"><\/td>\n<\/tr>\n<tr class=\"row-2\">\n\t<td class=\"column-1\">28<\/td><td class=\"column-2\"><strong>Ta\u00efwan (TW)<\/strong>  \u239c KKF- Koahsiung Film Festival \u239c  1&nbsp;representaci\u00f3<\/td>\n<\/tr>\n<tr class=\"row-3\">\n\t<td class=\"column-1\"><\/td><td class=\"column-2\"><\/td>\n<\/tr>\n<tr class=\"row-4\">\n\t<td class=\"column-1\"><h4>NOVEMBRE<\/h4><\/td><td class=\"column-2\"><\/td>\n<\/tr>\n<tr class=\"row-5\">\n\t<td class=\"column-1\">12<\/td><td class=\"column-2\"><strong>Barcelona (CAT)<\/strong>  \u239c Choreoscope - Festival international de cine de Danza \u239c 1&nbsp;representaci\u00f3<\/td>\n<\/tr>\n<tr class=\"row-6\">\n\t<td class=\"column-1\"><\/td><td class=\"column-2\"><\/td>\n<\/tr>\n<tr class=\"row-7\">\n\t<td class=\"column-1\"><h4>DESEMBRE<\/h4><\/td><td class=\"column-2\"><\/td>\n<\/tr>\n<tr class=\"row-8\">\n\t<td class=\"column-1\">2-8<\/td><td class=\"column-2\"><strong>Paris<\/strong>  \u239c Paris Courts Devant \u2013 Festival Int. des Films Courts Qui Avancent! \u239c 7&nbsp;representacions<\/td>\n<\/tr>\n<tr class=\"row-9\">\n\t<td class=\"column-1\">8<\/td><td class=\"column-2\"><strong>Nantes<\/strong>  \u239c Grand T \u239c 1&nbsp;representaci\u00f3<\/td>\n<\/tr>\n<tr class=\"row-10\">\n\t<td class=\"column-1\"><\/td><td class=\"column-2\"><\/td>\n<\/tr>\n<tr class=\"row-11\">\n\t<td class=\"column-1\"><h4>MARC<\/h4><\/td><td class=\"column-2\"><\/td>\n<\/tr>\n<tr class=\"row-12\">\n\t<td class=\"column-1\">30<\/td><td class=\"column-2\"><strong>Reus (CAT)<\/strong>  \u239c FEC-Festival Europeo de Curtmetratges \u239c 1&nbsp;representaci\u00f3<\/td>\n<\/tr>\n<tr class=\"row-13\">\n\t<td class=\"column-1\">31<\/td><td class=\"column-2\"><strong>Rennes<\/strong>  \u239c Festival Ay-Roop \u239c 1&nbsp;representaci\u00f3<\/td>\n<\/tr>\n<tr class=\"row-14\">\n\t<td class=\"column-1\"><\/td><td class=\"column-2\"><\/td>\n<\/tr>\n<\/tbody>\n<\/table>\n<!-- #tablepress-152 from cache -->[\/vc_column_text][\/vc_tta_section][\/vc_tta_accordion][\/vc_column][\/vc_row]<\/p>\n<\/div>","protected":false},"excerpt":{"rendered":"<p>[vc_row padding_top_multiplier=&#8221;2x&#8221; padding_bottom_multiplier=&#8221;&#8221; equal_column_height=&#8221;equal-column&#8221;][vc_column vertical_content_position=&#8221;middle&#8221; width=&#8221;1\/3&#8243; mobile_width=&#8221;1-4&#8243; text_align=&#8221;center&#8221;][\/vc_column][vc_column vertical_content_position=&#8221;middle&#8221; width=&#8221;1\/3&#8243; mobile_width=&#8221;1-2&#8243;][\/vc_column][vc_column width=&#8221;1\/3&#8243; mobile_width=&#8221;1-4&#8243;][\/vc_column][\/vc_row][vc_row padding_bottom_multiplier=&#8221;2x&#8221;][vc_column][vc_tta_accordion title_tag=&#8221;h4&#8243; c_align=&#8221;center&#8221; c_icon=&#8221;&#8221; active_section=&#8221;99&#8243; accordion_style=&#8221;style-2&#8243; heading_tag=&#8221;h4&#8243; heading=&#8221;h4&#8243;][vc_tta_section title=&#8221;BESTIAS&#8221; tab_id=&#8221;1662107395915-d19a8f02-a04f&#8221;][vc_column_text][\/vc_column_text][\/vc_tta_section][vc_tta_section title=&#8221;LA CACHETTE&#8221; tab_id=&#8221;1662109444623-c3136c6e-7598&#8243;][vc_column_text][\/vc_column_text][\/vc_tta_section][vc_tta_section title=&#8221;THE MISSING PART&#8221; tab_id=&#8221;1674027868525-edd09885-1ab9&#8243;][vc_column_text][\/vc_column_text][\/vc_tta_section][\/vc_tta_accordion][\/vc_column][\/vc_row]<\/p>\n","protected":false},"author":2,"featured_media":0,"parent":9465,"menu_order":0,"comment_status":"closed","ping_status":"closed","template":"","meta":{"footnotes":""},"class_list":["post-9924","page","type-page","status-publish","hentry"],"yoast_head":"<!-- This site is optimized with the Yoast SEO plugin v26.9 - https:\/\/yoast.com\/product\/yoast-seo-wordpress\/ -->\n<title>Dates 2016-2017 - Baro d&#039;evel<\/title>\n<meta name=\"robots\" content=\"index, follow, max-snippet:-1, max-image-preview:large, max-video-preview:-1\" \/>\n<link rel=\"canonical\" href=\"https:\/\/barodevel.com\/ca\/dates\/dates-2016-2017\/\" \/>\n<meta property=\"og:locale\" content=\"ca_ES\" \/>\n<meta property=\"og:type\" content=\"article\" \/>\n<meta property=\"og:title\" content=\"Dates 2016-2017 - Baro d&#039;evel\" \/>\n<meta property=\"og:description\" content=\"[vc_row padding_top_multiplier=&#8221;2x&#8221; padding_bottom_multiplier=&#8221;&#8221; equal_column_height=&#8221;equal-column&#8221;][vc_column vertical_content_position=&#8221;middle&#8221; width=&#8221;1\/3&#8243; mobile_width=&#8221;1-4&#8243; text_align=&#8221;center&#8221;][\/vc_column][vc_column vertical_content_position=&#8221;middle&#8221; width=&#8221;1\/3&#8243; mobile_width=&#8221;1-2&#8243;][\/vc_column][vc_column width=&#8221;1\/3&#8243; mobile_width=&#8221;1-4&#8243;][\/vc_column][\/vc_row][vc_row padding_bottom_multiplier=&#8221;2x&#8221;][vc_column][vc_tta_accordion title_tag=&#8221;h4&#8243; c_align=&#8221;center&#8221; c_icon=&#8221;&#8221; active_section=&#8221;99&#8243; accordion_style=&#8221;style-2&#8243; heading_tag=&#8221;h4&#8243; heading=&#8221;h4&#8243;][vc_tta_section title=&#8221;BESTIAS&#8221; tab_id=&#8221;1662107395915-d19a8f02-a04f&#8221;][vc_column_text][\/vc_column_text][\/vc_tta_section][vc_tta_section title=&#8221;LA CACHETTE&#8221; tab_id=&#8221;1662109444623-c3136c6e-7598&#8243;][vc_column_text][\/vc_column_text][\/vc_tta_section][vc_tta_section title=&#8221;THE MISSING PART&#8221; tab_id=&#8221;1674027868525-edd09885-1ab9&#8243;][vc_column_text][\/vc_column_text][\/vc_tta_section][\/vc_tta_accordion][\/vc_column][\/vc_row]\" \/>\n<meta property=\"og:url\" content=\"https:\/\/barodevel.com\/ca\/dates\/dates-2016-2017\/\" \/>\n<meta property=\"og:site_name\" content=\"Baro d&#039;evel\" \/>\n<meta property=\"article:publisher\" content=\"https:\/\/www.facebook.com\/barodevelcirk\/\" \/>\n<meta property=\"article:modified_time\" content=\"2023-01-18T07:44:45+00:00\" \/>\n<meta property=\"og:image\" content=\"https:\/\/barodevel.com\/wp-content\/uploads\/2018\/04\/la-micro.jpg\" \/>\n\t<meta property=\"og:image:width\" content=\"2000\" \/>\n\t<meta property=\"og:image:height\" content=\"1335\" \/>\n\t<meta property=\"og:image:type\" content=\"image\/jpeg\" \/>\n<meta name=\"twitter:card\" content=\"summary_large_image\" \/>\n<meta name=\"twitter:label1\" content=\"Temps estimat de lectura\" \/>\n\t<meta name=\"twitter:data1\" content=\"1 minut\" \/>\n<script type=\"application\/ld+json\" class=\"yoast-schema-graph\">{\"@context\":\"https:\/\/schema.org\",\"@graph\":[{\"@type\":\"WebPage\",\"@id\":\"https:\/\/barodevel.com\/ca\/dates\/dates-2016-2017\/\",\"url\":\"https:\/\/barodevel.com\/ca\/dates\/dates-2016-2017\/\",\"name\":\"Dates 2016-2017 - Baro d&#039;evel\",\"isPartOf\":{\"@id\":\"https:\/\/barodevel.com\/ca\/#website\"},\"datePublished\":\"2018-03-11T13:44:32+00:00\",\"dateModified\":\"2023-01-18T07:44:45+00:00\",\"breadcrumb\":{\"@id\":\"https:\/\/barodevel.com\/ca\/dates\/dates-2016-2017\/#breadcrumb\"},\"inLanguage\":\"ca\",\"potentialAction\":[{\"@type\":\"ReadAction\",\"target\":[\"https:\/\/barodevel.com\/ca\/dates\/dates-2016-2017\/\"]}]},{\"@type\":\"BreadcrumbList\",\"@id\":\"https:\/\/barodevel.com\/ca\/dates\/dates-2016-2017\/#breadcrumb\",\"itemListElement\":[{\"@type\":\"ListItem\",\"position\":1,\"name\":\"Accueil\",\"item\":\"https:\/\/barodevel.com\/ca\/\"},{\"@type\":\"ListItem\",\"position\":2,\"name\":\"Dates\",\"item\":\"https:\/\/barodevel.com\/ca\/dates\/\"},{\"@type\":\"ListItem\",\"position\":3,\"name\":\"Dates 2016-2017\"}]},{\"@type\":\"WebSite\",\"@id\":\"https:\/\/barodevel.com\/ca\/#website\",\"url\":\"https:\/\/barodevel.com\/ca\/\",\"name\":\"Baro d&#039;evel\",\"description\":\"\",\"publisher\":{\"@id\":\"https:\/\/barodevel.com\/ca\/#organization\"},\"potentialAction\":[{\"@type\":\"SearchAction\",\"target\":{\"@type\":\"EntryPoint\",\"urlTemplate\":\"https:\/\/barodevel.com\/ca\/?s={search_term_string}\"},\"query-input\":{\"@type\":\"PropertyValueSpecification\",\"valueRequired\":true,\"valueName\":\"search_term_string\"}}],\"inLanguage\":\"ca\"},{\"@type\":\"Organization\",\"@id\":\"https:\/\/barodevel.com\/ca\/#organization\",\"name\":\"Baro d'evel\",\"url\":\"https:\/\/barodevel.com\/ca\/\",\"logo\":{\"@type\":\"ImageObject\",\"inLanguage\":\"ca\",\"@id\":\"https:\/\/barodevel.com\/ca\/#\/schema\/logo\/image\/\",\"url\":\"https:\/\/barodevel.com\/wp-content\/uploads\/2018\/04\/baro-logo-mentions-legales-200.png\",\"contentUrl\":\"https:\/\/barodevel.com\/wp-content\/uploads\/2018\/04\/baro-logo-mentions-legales-200.png\",\"width\":200,\"height\":200,\"caption\":\"Baro d'evel\"},\"image\":{\"@id\":\"https:\/\/barodevel.com\/ca\/#\/schema\/logo\/image\/\"},\"sameAs\":[\"https:\/\/www.facebook.com\/barodevelcirk\/\",\"https:\/\/www.instagram.com\/barodevel\/\"]}]}<\/script>\n<!-- \/ Yoast SEO plugin. -->","yoast_head_json":{"title":"Dates 2016-2017 - Baro d&#039;evel","robots":{"index":"index","follow":"follow","max-snippet":"max-snippet:-1","max-image-preview":"max-image-preview:large","max-video-preview":"max-video-preview:-1"},"canonical":"https:\/\/barodevel.com\/ca\/dates\/dates-2016-2017\/","og_locale":"ca_ES","og_type":"article","og_title":"Dates 2016-2017 - Baro d&#039;evel","og_description":"[vc_row padding_top_multiplier=&#8221;2x&#8221; padding_bottom_multiplier=&#8221;&#8221; equal_column_height=&#8221;equal-column&#8221;][vc_column vertical_content_position=&#8221;middle&#8221; width=&#8221;1\/3&#8243; mobile_width=&#8221;1-4&#8243; text_align=&#8221;center&#8221;][\/vc_column][vc_column vertical_content_position=&#8221;middle&#8221; width=&#8221;1\/3&#8243; mobile_width=&#8221;1-2&#8243;][\/vc_column][vc_column width=&#8221;1\/3&#8243; mobile_width=&#8221;1-4&#8243;][\/vc_column][\/vc_row][vc_row padding_bottom_multiplier=&#8221;2x&#8221;][vc_column][vc_tta_accordion title_tag=&#8221;h4&#8243; c_align=&#8221;center&#8221; c_icon=&#8221;&#8221; active_section=&#8221;99&#8243; accordion_style=&#8221;style-2&#8243; heading_tag=&#8221;h4&#8243; heading=&#8221;h4&#8243;][vc_tta_section title=&#8221;BESTIAS&#8221; tab_id=&#8221;1662107395915-d19a8f02-a04f&#8221;][vc_column_text][\/vc_column_text][\/vc_tta_section][vc_tta_section title=&#8221;LA CACHETTE&#8221; tab_id=&#8221;1662109444623-c3136c6e-7598&#8243;][vc_column_text][\/vc_column_text][\/vc_tta_section][vc_tta_section title=&#8221;THE MISSING PART&#8221; tab_id=&#8221;1674027868525-edd09885-1ab9&#8243;][vc_column_text][\/vc_column_text][\/vc_tta_section][\/vc_tta_accordion][\/vc_column][\/vc_row]","og_url":"https:\/\/barodevel.com\/ca\/dates\/dates-2016-2017\/","og_site_name":"Baro d&#039;evel","article_publisher":"https:\/\/www.facebook.com\/barodevelcirk\/","article_modified_time":"2023-01-18T07:44:45+00:00","og_image":[{"width":2000,"height":1335,"url":"https:\/\/barodevel.com\/wp-content\/uploads\/2018\/04\/la-micro.jpg","type":"image\/jpeg"}],"twitter_card":"summary_large_image","twitter_misc":{"Temps estimat de lectura":"1 minut"},"schema":{"@context":"https:\/\/schema.org","@graph":[{"@type":"WebPage","@id":"https:\/\/barodevel.com\/ca\/dates\/dates-2016-2017\/","url":"https:\/\/barodevel.com\/ca\/dates\/dates-2016-2017\/","name":"Dates 2016-2017 - Baro d&#039;evel","isPartOf":{"@id":"https:\/\/barodevel.com\/ca\/#website"},"datePublished":"2018-03-11T13:44:32+00:00","dateModified":"2023-01-18T07:44:45+00:00","breadcrumb":{"@id":"https:\/\/barodevel.com\/ca\/dates\/dates-2016-2017\/#breadcrumb"},"inLanguage":"ca","potentialAction":[{"@type":"ReadAction","target":["https:\/\/barodevel.com\/ca\/dates\/dates-2016-2017\/"]}]},{"@type":"BreadcrumbList","@id":"https:\/\/barodevel.com\/ca\/dates\/dates-2016-2017\/#breadcrumb","itemListElement":[{"@type":"ListItem","position":1,"name":"Accueil","item":"https:\/\/barodevel.com\/ca\/"},{"@type":"ListItem","position":2,"name":"Dates","item":"https:\/\/barodevel.com\/ca\/dates\/"},{"@type":"ListItem","position":3,"name":"Dates 2016-2017"}]},{"@type":"WebSite","@id":"https:\/\/barodevel.com\/ca\/#website","url":"https:\/\/barodevel.com\/ca\/","name":"Baro d&#039;evel","description":"","publisher":{"@id":"https:\/\/barodevel.com\/ca\/#organization"},"potentialAction":[{"@type":"SearchAction","target":{"@type":"EntryPoint","urlTemplate":"https:\/\/barodevel.com\/ca\/?s={search_term_string}"},"query-input":{"@type":"PropertyValueSpecification","valueRequired":true,"valueName":"search_term_string"}}],"inLanguage":"ca"},{"@type":"Organization","@id":"https:\/\/barodevel.com\/ca\/#organization","name":"Baro d'evel","url":"https:\/\/barodevel.com\/ca\/","logo":{"@type":"ImageObject","inLanguage":"ca","@id":"https:\/\/barodevel.com\/ca\/#\/schema\/logo\/image\/","url":"https:\/\/barodevel.com\/wp-content\/uploads\/2018\/04\/baro-logo-mentions-legales-200.png","contentUrl":"https:\/\/barodevel.com\/wp-content\/uploads\/2018\/04\/baro-logo-mentions-legales-200.png","width":200,"height":200,"caption":"Baro d'evel"},"image":{"@id":"https:\/\/barodevel.com\/ca\/#\/schema\/logo\/image\/"},"sameAs":["https:\/\/www.facebook.com\/barodevelcirk\/","https:\/\/www.instagram.com\/barodevel\/"]}]}},"_links":{"self":[{"href":"https:\/\/barodevel.com\/ca\/wp-json\/wp\/v2\/pages\/9924","targetHints":{"allow":["GET"]}}],"collection":[{"href":"https:\/\/barodevel.com\/ca\/wp-json\/wp\/v2\/pages"}],"about":[{"href":"https:\/\/barodevel.com\/ca\/wp-json\/wp\/v2\/types\/page"}],"author":[{"embeddable":true,"href":"https:\/\/barodevel.com\/ca\/wp-json\/wp\/v2\/users\/2"}],"replies":[{"embeddable":true,"href":"https:\/\/barodevel.com\/ca\/wp-json\/wp\/v2\/comments?post=9924"}],"version-history":[{"count":0,"href":"https:\/\/barodevel.com\/ca\/wp-json\/wp\/v2\/pages\/9924\/revisions"}],"up":[{"embeddable":true,"href":"https:\/\/barodevel.com\/ca\/wp-json\/wp\/v2\/pages\/9465"}],"wp:attachment":[{"href":"https:\/\/barodevel.com\/ca\/wp-json\/wp\/v2\/media?parent=9924"}],"curies":[{"name":"wp","href":"https:\/\/api.w.org\/{rel}","templated":true}]}}