{"id":4903,"date":"2018-04-06T16:15:38","date_gmt":"2018-04-06T16:15:38","guid":{"rendered":"https:\/\/barodevel.com\/?page_id=4903"},"modified":"2023-11-23T15:03:21","modified_gmt":"2023-11-23T15:03:21","slug":"avis-legal","status":"publish","type":"page","link":"https:\/\/barodevel.com\/ca\/avis-legal\/","title":{"rendered":"Avis legal"},"content":{"rendered":"<div class=\"wpb-content-wrapper\"><p>[vc_row][vc_column width=&#8221;1\/6&#8243;][\/vc_column][vc_column width=&#8221;2\/3&#8243;][vc_column_text text_style=&#8221;leader-text&#8221;]<span style=\"font-size: 24pt; color: #a60000;\">BARO DcEVEL<\/span>[\/vc_column_text]<div class=\"grve-empty-space grve-height-2x\" style=\"\"><\/div>[vc_column_text]Association loi 1901 \/ SIRET 43507027100026<br \/>\n4 rue de la p\u00e9pini\u00e8re &#8211; 31200 Toulouse, France<br \/>\nTel : +33 5 67 33 60 20<br \/>\n<a href=\"mailto:contact@barodevel.com\"><span style=\"text-decoration: underline;\">Email<\/span><\/a>[\/vc_column_text]<div class=\"grve-empty-space grve-height-1x\" style=\"\"><\/div>[vc_column_text]Editora: Laurent Ballay[\/vc_column_text]<div class=\"grve-empty-space grve-height-2x\" style=\"\"><\/div>[vc_column_text]La companyia t\u00e9 signat un acord amb el Ministeri de Cultura i Comunicaci\u00f3, Direcci\u00f3 Regional d\u2019Afers Culturals d\u2019Occit\u00e0nia \/ Pirineus &#8211; Mediterr\u00e0nia i la Regi\u00f3 Occit\u00e0nia \/ Pirineus &#8211; Mediterr\u00e0nia.<br \/>\nRep ajuts per al seu projecte de la Direcci\u00f3 General de Creaci\u00f3 Art\u00edstica, del Ministeri de Cultura i Comunicaci\u00f3, del Consell Departamental de l\u2019Alta Garona i de l\u2019Ajuntament de Tolosa. Rep el suport de la Generalitat de Catalunya, departament de Cultura de setembre 2018 a setembre 2020. Rep el suport de l\u2019Institut Fran\u00e7ais durant les seves gires a l\u2019estranger.<\/p>\n<p>La companyia \u00e9s \u00abc\u00f2mplice\u00bb\u00a0de <span style=\"text-decoration: underline;\"><a href=\"http:\/\/www.pronomades.org\/L-accompagnement-de-la-creation\" target=\"_blank\" rel=\"noopener noreferrer\">Pronomade(s) en Haute-Garonne<\/a><\/span>, CNAREP[\/vc_column_text]<div class=\"grve-empty-space grve-height-1x\" style=\"\"><\/div><div class=\"grve-element grve-image grve-align-left\" style=\"\">  <div class=\"grve-image-wrapper\"><img loading=\"lazy\" decoding=\"async\" width=\"952\" height=\"144\" src=\"https:\/\/barodevel.com\/wp-content\/uploads\/2018\/09\/logo-ml-4.png\" class=\"attachment-full size-full\" alt=\"logos partenaires mentions l\u00e9gales\" srcset=\"https:\/\/barodevel.com\/wp-content\/uploads\/2018\/09\/logo-ml-4.png 952w, https:\/\/barodevel.com\/wp-content\/uploads\/2018\/09\/logo-ml-4-600x91.png 600w, https:\/\/barodevel.com\/wp-content\/uploads\/2018\/09\/logo-ml-4-300x45.png 300w, https:\/\/barodevel.com\/wp-content\/uploads\/2018\/09\/logo-ml-4-768x116.png 768w\" sizes=\"auto, (max-width: 952px) 100vw, 952px\" \/>   <\/div><\/div><div class=\"grve-empty-space grve-height-2x\" style=\"\"><\/div>[vc_column_text css=&#8221;.vc_custom_1538656048028{padding-top: 20px !important;}&#8221;]\u00a9 Fotos de la p\u00e0gina d\u2019inici : Fran\u00e7ois Passerini \/ F. Passerini \/ Jordi Bover \/ F. Passerini \/ J. Bover \/ F. Passerini \/ F. Passerini \/ F. Passerini \/ Vincent Muteau \/ F. Passerini \/ F. Passerini \/ Alexandra Fleurantin \/ J. Bover \/ Josep Ros Ribas \/ F. Passerini \/ Nanouk Films \/ Fanny Thollot \/ Bla\u00ef Mateu Trias \/ A. Fleurantin \/ Bonnefrite \/ B. Mateu Trias \/ J. Bover \/ F. Passerini \/ F. Passerini \/ F. Passerini[\/vc_column_text]<div class=\"grve-empty-space grve-height-1x\" style=\"\"><\/div>[vc_column_text]Disseny de les fotos, logotip i creaci\u00f3 del tipus de lletra: Bla\u00ef Mateu Trias[\/vc_column_text]<div class=\"grve-empty-space grve-height-1x\" style=\"\"><\/div>[vc_column_text]<span lang=\"CA\">Creaci\u00f3 del lloc web<\/span>: Lo\u00efc Thisse \u2013 <span style=\"text-decoration: underline;\"><a href=\"https:\/\/loicthisse.com\" target=\"_blank\" rel=\"noopener noreferrer\">loicthisse.com<\/a><\/span>[\/vc_column_text]<div class=\"grve-empty-space grve-height-2x\" style=\"\"><\/div><div class=\"grve-element grve-image grve-align-center\" style=\"\">  <div class=\"grve-image-wrapper\"><img loading=\"lazy\" decoding=\"async\" width=\"200\" height=\"200\" src=\"https:\/\/barodevel.com\/wp-content\/uploads\/2018\/04\/baro-logo-mentions-legales-200.png\" class=\"attachment-full size-full\" alt=\"baro-logo-mentions-legales-200\" srcset=\"https:\/\/barodevel.com\/wp-content\/uploads\/2018\/04\/baro-logo-mentions-legales-200.png 200w, https:\/\/barodevel.com\/wp-content\/uploads\/2018\/04\/baro-logo-mentions-legales-200-100x100.png 100w, https:\/\/barodevel.com\/wp-content\/uploads\/2018\/04\/baro-logo-mentions-legales-200-150x150.png 150w\" sizes=\"auto, (max-width: 200px) 100vw, 200px\" \/>   <\/div><\/div><div class=\"grve-empty-space grve-height-2x\" style=\"\"><\/div>[vc_column_text]<span style=\"font-size: 10pt;\"><strong>Confidencialitat<\/strong>: Atribu\u00efm una gran import\u00e0ncia a la confidencialitat de les dades i \u00e9s per aix\u00f2 que no compilem ni utilitzem amb finalitats comercials cap dada personal relativa a la seva persona. Fem servir Matomo per mesurar les visites de la p\u00e0gina. Matomo \u00e9s una eina de quantificaci\u00f3 de p\u00fablics respectuosa amb la vida privada i recomanada per la Comissi\u00f3 Nacional d\u2019Inform\u00e0tica i Llibertats. La seva adre\u00e7a IP \u00e9s an\u00f2nima i no se\u2019n recull cap dada personal.<\/span><\/p>\n<p><span style=\"font-size: 10pt;\"><em>Continguts incrustats d\u2019altres p\u00e0gines<\/em> (v\u00eddeos): Els v\u00eddeos integrats de YouTube o de Vimeo funcionen exactament com si el visitant acced\u00eds a YouTube o a Vimeo. Aquestes p\u00e0gines web podrien compilar dades sobre vost\u00e8, fer servir galetes, incrustar eines de seguiment de tercers o seguir les seves interaccions mitjan\u00e7ant aquests continguts incrustats si disposa d\u2019un compte connectat a la seva p\u00e0gina web.<\/span><\/p>\n<p><span style=\"font-size: 10pt;\">Quan fa una comanda a la nostra p\u00e0gina, li demanem que ens proporcioni informaci\u00f3 com ara el nom i els cognoms, l\u2019adre\u00e7a de facturaci\u00f3, la de lliurament, el tel\u00e8fon, l\u2019adre\u00e7a electr\u00f2nica i les dades de pagament.<\/span><br \/>\n<span style=\"font-size: 10pt;\">Aquesta informaci\u00f3 serveix per:<\/span><br \/>\n<span style=\"font-size: 10pt;\">&#8211; comunicar-nos amb vost\u00e8: confirmaci\u00f3 de comanda, factura, reemborsaments i devolucions<\/span><br \/>\n<span style=\"font-size: 10pt;\">&#8211; tramitar les comandes: pagament, lliurament, prevenci\u00f3 antifrau<\/span><br \/>\n<span style=\"font-size: 10pt;\">Emmagatzemem aquesta informaci\u00f3 durant el temps que necessitem per a l\u2019\u00fas que en justifica la nostra compilaci\u00f3 i explotaci\u00f3.<\/span><\/p>\n<p><a href=\"https:\/\/barodevel.com\/ca\/condicions-generals-de-venda\/\"><span style=\"text-decoration: underline;\"><span style=\"font-size: 10pt;\">Condicions generals de venda<\/span><\/span><\/a>[\/vc_column_text][\/vc_column][vc_column width=&#8221;1\/6&#8243;][\/vc_column][\/vc_row]<\/p>\n<\/div>","protected":false},"excerpt":{"rendered":"<p>[vc_row][vc_column width=&#8221;1\/6&#8243;][\/vc_column][vc_column width=&#8221;2\/3&#8243;][vc_column_text text_style=&#8221;leader-text&#8221;]BARO DcEVEL[\/vc_column_text][vc_column_text]Association loi 1901 \/ SIRET 43507027100026 4 rue de la p\u00e9pini\u00e8re &#8211; 31200 Toulouse, France Tel : +33 5 67 33 60 20 Email[\/vc_column_text][vc_column_text]Editora: Laurent Ballay[\/vc_column_text][vc_column_text]La companyia t\u00e9 signat un acord amb el Ministeri de Cultura i Comunicaci\u00f3, Direcci\u00f3 Regional d\u2019Afers Culturals d\u2019Occit\u00e0nia \/ Pirineus &#8211; Mediterr\u00e0nia i la Regi\u00f3 Occit\u00e0nia [&hellip;]<\/p>\n","protected":false},"author":2,"featured_media":0,"parent":0,"menu_order":0,"comment_status":"closed","ping_status":"closed","template":"","meta":{"footnotes":""},"class_list":["post-4903","page","type-page","status-publish","hentry"],"yoast_head":"<!-- This site is optimized with the Yoast SEO plugin v26.9 - https:\/\/yoast.com\/product\/yoast-seo-wordpress\/ -->\n<title>Avis legal - Baro d&#039;evel<\/title>\n<meta name=\"robots\" content=\"index, follow, max-snippet:-1, max-image-preview:large, max-video-preview:-1\" \/>\n<link rel=\"canonical\" href=\"https:\/\/barodevel.com\/ca\/avis-legal\/\" \/>\n<meta property=\"og:locale\" content=\"ca_ES\" \/>\n<meta property=\"og:type\" content=\"article\" \/>\n<meta property=\"og:title\" content=\"Avis legal - Baro d&#039;evel\" \/>\n<meta property=\"og:description\" content=\"[vc_row][vc_column width=&#8221;1\/6&#8243;][\/vc_column][vc_column width=&#8221;2\/3&#8243;][vc_column_text text_style=&#8221;leader-text&#8221;]BARO DcEVEL[\/vc_column_text][vc_column_text]Association loi 1901 \/ SIRET 43507027100026 4 rue de la p\u00e9pini\u00e8re &#8211; 31200 Toulouse, France Tel : +33 5 67 33 60 20 Email[\/vc_column_text][vc_column_text]Editora: Laurent Ballay[\/vc_column_text][vc_column_text]La companyia t\u00e9 signat un acord amb el Ministeri de Cultura i Comunicaci\u00f3, Direcci\u00f3 Regional d\u2019Afers Culturals d\u2019Occit\u00e0nia \/ Pirineus &#8211; Mediterr\u00e0nia i la Regi\u00f3 Occit\u00e0nia [&hellip;]\" \/>\n<meta property=\"og:url\" content=\"https:\/\/barodevel.com\/ca\/avis-legal\/\" \/>\n<meta property=\"og:site_name\" content=\"Baro d&#039;evel\" \/>\n<meta property=\"article:publisher\" content=\"https:\/\/www.facebook.com\/barodevelcirk\/\" \/>\n<meta property=\"article:modified_time\" content=\"2023-11-23T15:03:21+00:00\" \/>\n<meta property=\"og:image\" content=\"https:\/\/barodevel.com\/wp-content\/uploads\/2018\/04\/la-micro.jpg\" \/>\n\t<meta property=\"og:image:width\" content=\"2000\" \/>\n\t<meta property=\"og:image:height\" content=\"1335\" \/>\n\t<meta property=\"og:image:type\" content=\"image\/jpeg\" \/>\n<meta name=\"twitter:card\" content=\"summary_large_image\" \/>\n<meta name=\"twitter:label1\" content=\"Temps estimat de lectura\" \/>\n\t<meta name=\"twitter:data1\" content=\"3 minuts\" \/>\n<script type=\"application\/ld+json\" class=\"yoast-schema-graph\">{\"@context\":\"https:\/\/schema.org\",\"@graph\":[{\"@type\":\"WebPage\",\"@id\":\"https:\/\/barodevel.com\/ca\/avis-legal\/\",\"url\":\"https:\/\/barodevel.com\/ca\/avis-legal\/\",\"name\":\"Avis legal - Baro d&#039;evel\",\"isPartOf\":{\"@id\":\"https:\/\/barodevel.com\/ca\/#website\"},\"datePublished\":\"2018-04-06T16:15:38+00:00\",\"dateModified\":\"2023-11-23T15:03:21+00:00\",\"breadcrumb\":{\"@id\":\"https:\/\/barodevel.com\/ca\/avis-legal\/#breadcrumb\"},\"inLanguage\":\"ca\",\"potentialAction\":[{\"@type\":\"ReadAction\",\"target\":[\"https:\/\/barodevel.com\/ca\/avis-legal\/\"]}]},{\"@type\":\"BreadcrumbList\",\"@id\":\"https:\/\/barodevel.com\/ca\/avis-legal\/#breadcrumb\",\"itemListElement\":[{\"@type\":\"ListItem\",\"position\":1,\"name\":\"Accueil\",\"item\":\"https:\/\/barodevel.com\/ca\/\"},{\"@type\":\"ListItem\",\"position\":2,\"name\":\"Avis legal\"}]},{\"@type\":\"WebSite\",\"@id\":\"https:\/\/barodevel.com\/ca\/#website\",\"url\":\"https:\/\/barodevel.com\/ca\/\",\"name\":\"Baro d&#039;evel\",\"description\":\"\",\"publisher\":{\"@id\":\"https:\/\/barodevel.com\/ca\/#organization\"},\"potentialAction\":[{\"@type\":\"SearchAction\",\"target\":{\"@type\":\"EntryPoint\",\"urlTemplate\":\"https:\/\/barodevel.com\/ca\/?s={search_term_string}\"},\"query-input\":{\"@type\":\"PropertyValueSpecification\",\"valueRequired\":true,\"valueName\":\"search_term_string\"}}],\"inLanguage\":\"ca\"},{\"@type\":\"Organization\",\"@id\":\"https:\/\/barodevel.com\/ca\/#organization\",\"name\":\"Baro d'evel\",\"url\":\"https:\/\/barodevel.com\/ca\/\",\"logo\":{\"@type\":\"ImageObject\",\"inLanguage\":\"ca\",\"@id\":\"https:\/\/barodevel.com\/ca\/#\/schema\/logo\/image\/\",\"url\":\"https:\/\/barodevel.com\/wp-content\/uploads\/2018\/04\/baro-logo-mentions-legales-200.png\",\"contentUrl\":\"https:\/\/barodevel.com\/wp-content\/uploads\/2018\/04\/baro-logo-mentions-legales-200.png\",\"width\":200,\"height\":200,\"caption\":\"Baro d'evel\"},\"image\":{\"@id\":\"https:\/\/barodevel.com\/ca\/#\/schema\/logo\/image\/\"},\"sameAs\":[\"https:\/\/www.facebook.com\/barodevelcirk\/\",\"https:\/\/www.instagram.com\/barodevel\/\"]}]}<\/script>\n<!-- \/ Yoast SEO plugin. -->","yoast_head_json":{"title":"Avis legal - Baro d&#039;evel","robots":{"index":"index","follow":"follow","max-snippet":"max-snippet:-1","max-image-preview":"max-image-preview:large","max-video-preview":"max-video-preview:-1"},"canonical":"https:\/\/barodevel.com\/ca\/avis-legal\/","og_locale":"ca_ES","og_type":"article","og_title":"Avis legal - Baro d&#039;evel","og_description":"[vc_row][vc_column width=&#8221;1\/6&#8243;][\/vc_column][vc_column width=&#8221;2\/3&#8243;][vc_column_text text_style=&#8221;leader-text&#8221;]BARO DcEVEL[\/vc_column_text][vc_column_text]Association loi 1901 \/ SIRET 43507027100026 4 rue de la p\u00e9pini\u00e8re &#8211; 31200 Toulouse, France Tel : +33 5 67 33 60 20 Email[\/vc_column_text][vc_column_text]Editora: Laurent Ballay[\/vc_column_text][vc_column_text]La companyia t\u00e9 signat un acord amb el Ministeri de Cultura i Comunicaci\u00f3, Direcci\u00f3 Regional d\u2019Afers Culturals d\u2019Occit\u00e0nia \/ Pirineus &#8211; Mediterr\u00e0nia i la Regi\u00f3 Occit\u00e0nia [&hellip;]","og_url":"https:\/\/barodevel.com\/ca\/avis-legal\/","og_site_name":"Baro d&#039;evel","article_publisher":"https:\/\/www.facebook.com\/barodevelcirk\/","article_modified_time":"2023-11-23T15:03:21+00:00","og_image":[{"width":2000,"height":1335,"url":"https:\/\/barodevel.com\/wp-content\/uploads\/2018\/04\/la-micro.jpg","type":"image\/jpeg"}],"twitter_card":"summary_large_image","twitter_misc":{"Temps estimat de lectura":"3 minuts"},"schema":{"@context":"https:\/\/schema.org","@graph":[{"@type":"WebPage","@id":"https:\/\/barodevel.com\/ca\/avis-legal\/","url":"https:\/\/barodevel.com\/ca\/avis-legal\/","name":"Avis legal - Baro d&#039;evel","isPartOf":{"@id":"https:\/\/barodevel.com\/ca\/#website"},"datePublished":"2018-04-06T16:15:38+00:00","dateModified":"2023-11-23T15:03:21+00:00","breadcrumb":{"@id":"https:\/\/barodevel.com\/ca\/avis-legal\/#breadcrumb"},"inLanguage":"ca","potentialAction":[{"@type":"ReadAction","target":["https:\/\/barodevel.com\/ca\/avis-legal\/"]}]},{"@type":"BreadcrumbList","@id":"https:\/\/barodevel.com\/ca\/avis-legal\/#breadcrumb","itemListElement":[{"@type":"ListItem","position":1,"name":"Accueil","item":"https:\/\/barodevel.com\/ca\/"},{"@type":"ListItem","position":2,"name":"Avis legal"}]},{"@type":"WebSite","@id":"https:\/\/barodevel.com\/ca\/#website","url":"https:\/\/barodevel.com\/ca\/","name":"Baro d&#039;evel","description":"","publisher":{"@id":"https:\/\/barodevel.com\/ca\/#organization"},"potentialAction":[{"@type":"SearchAction","target":{"@type":"EntryPoint","urlTemplate":"https:\/\/barodevel.com\/ca\/?s={search_term_string}"},"query-input":{"@type":"PropertyValueSpecification","valueRequired":true,"valueName":"search_term_string"}}],"inLanguage":"ca"},{"@type":"Organization","@id":"https:\/\/barodevel.com\/ca\/#organization","name":"Baro d'evel","url":"https:\/\/barodevel.com\/ca\/","logo":{"@type":"ImageObject","inLanguage":"ca","@id":"https:\/\/barodevel.com\/ca\/#\/schema\/logo\/image\/","url":"https:\/\/barodevel.com\/wp-content\/uploads\/2018\/04\/baro-logo-mentions-legales-200.png","contentUrl":"https:\/\/barodevel.com\/wp-content\/uploads\/2018\/04\/baro-logo-mentions-legales-200.png","width":200,"height":200,"caption":"Baro d'evel"},"image":{"@id":"https:\/\/barodevel.com\/ca\/#\/schema\/logo\/image\/"},"sameAs":["https:\/\/www.facebook.com\/barodevelcirk\/","https:\/\/www.instagram.com\/barodevel\/"]}]}},"_links":{"self":[{"href":"https:\/\/barodevel.com\/ca\/wp-json\/wp\/v2\/pages\/4903","targetHints":{"allow":["GET"]}}],"collection":[{"href":"https:\/\/barodevel.com\/ca\/wp-json\/wp\/v2\/pages"}],"about":[{"href":"https:\/\/barodevel.com\/ca\/wp-json\/wp\/v2\/types\/page"}],"author":[{"embeddable":true,"href":"https:\/\/barodevel.com\/ca\/wp-json\/wp\/v2\/users\/2"}],"replies":[{"embeddable":true,"href":"https:\/\/barodevel.com\/ca\/wp-json\/wp\/v2\/comments?post=4903"}],"version-history":[{"count":0,"href":"https:\/\/barodevel.com\/ca\/wp-json\/wp\/v2\/pages\/4903\/revisions"}],"wp:attachment":[{"href":"https:\/\/barodevel.com\/ca\/wp-json\/wp\/v2\/media?parent=4903"}],"curies":[{"name":"wp","href":"https:\/\/api.w.org\/{rel}","templated":true}]}}