{"id":4747,"date":"2018-04-06T08:36:06","date_gmt":"2018-04-06T08:36:06","guid":{"rendered":"https:\/\/barodevel.com\/?page_id=4747"},"modified":"2018-10-04T07:45:17","modified_gmt":"2018-10-04T07:45:17","slug":"bechtout","status":"publish","type":"page","link":"https:\/\/barodevel.com\/ca\/bechtout\/","title":{"rendered":"Bechtout"},"content":{"rendered":"<div class=\"wpb-content-wrapper\"><p>[vc_row padding_bottom_multiplier=&#8221;3x&#8221;][vc_column width=&#8221;1\/6&#8243;][\/vc_column][vc_column width=&#8221;2\/3&#8243; z_index=&#8221;2&#8243; css=&#8221;.vc_custom_1521985136517{padding-right: 10px !important;padding-left: 10px !important;}&#8221;][vc_column_text text_style=&#8221;leader-text&#8221;]<\/p>\n<p style=\"text-align: center;\">SPECTACLE CR\u00c9\u00c9 EN \u00e7\u00f9\u00f9\u00e8<\/p>\n<p>[\/vc_column_text][vc_empty_space height=&#8221;55&#8243;][vc_column_text]Distribution :<br \/>\nAdria Cordoncillo, Camille Decourtye, Mathieu Levavasseur, Bla\u00ef Mateu Trias, William Valet, Nicolas Lourdelle, Mathias Tiberghien.[\/vc_column_text][\/vc_column][vc_column width=&#8221;1\/6&#8243;][\/vc_column][\/vc_row]<\/p>\n<\/div>","protected":false},"excerpt":{"rendered":"<p>[vc_row padding_bottom_multiplier=&#8221;3x&#8221;][vc_column width=&#8221;1\/6&#8243;][\/vc_column][vc_column width=&#8221;2\/3&#8243; z_index=&#8221;2&#8243; css=&#8221;.vc_custom_1521985136517{padding-right: 10px !important;padding-left: 10px !important;}&#8221;][vc_column_text text_style=&#8221;leader-text&#8221;] SPECTACLE CR\u00c9\u00c9 EN \u00e7\u00f9\u00f9\u00e8 [\/vc_column_text][vc_empty_space height=&#8221;55&#8243;][vc_column_text]Distribution : Adria Cordoncillo, Camille Decourtye, Mathieu Levavasseur, Bla\u00ef Mateu Trias, William Valet, Nicolas Lourdelle, Mathias Tiberghien.[\/vc_column_text][\/vc_column][vc_column width=&#8221;1\/6&#8243;][\/vc_column][\/vc_row]<\/p>\n","protected":false},"author":2,"featured_media":0,"parent":0,"menu_order":0,"comment_status":"closed","ping_status":"closed","template":"","meta":{"footnotes":""},"class_list":["post-4747","page","type-page","status-publish","hentry"],"yoast_head":"<!-- This site is optimized with the Yoast SEO plugin v26.9 - https:\/\/yoast.com\/product\/yoast-seo-wordpress\/ -->\n<title>Bechtout - Baro d&#039;evel<\/title>\n<meta name=\"robots\" content=\"index, follow, max-snippet:-1, max-image-preview:large, max-video-preview:-1\" \/>\n<link rel=\"canonical\" href=\"https:\/\/barodevel.com\/ca\/bechtout\/\" \/>\n<meta property=\"og:locale\" content=\"ca_ES\" \/>\n<meta property=\"og:type\" content=\"article\" \/>\n<meta property=\"og:title\" content=\"Bechtout - Baro d&#039;evel\" \/>\n<meta property=\"og:description\" content=\"[vc_row padding_bottom_multiplier=&#8221;3x&#8221;][vc_column width=&#8221;1\/6&#8243;][\/vc_column][vc_column width=&#8221;2\/3&#8243; z_index=&#8221;2&#8243; css=&#8221;.vc_custom_1521985136517{padding-right: 10px !important;padding-left: 10px !important;}&#8221;][vc_column_text text_style=&#8221;leader-text&#8221;] SPECTACLE CR\u00c9\u00c9 EN \u00e7\u00f9\u00f9\u00e8 [\/vc_column_text][vc_empty_space height=&#8221;55&#8243;][vc_column_text]Distribution : Adria Cordoncillo, Camille Decourtye, Mathieu Levavasseur, Bla\u00ef Mateu Trias, William Valet, Nicolas Lourdelle, Mathias Tiberghien.[\/vc_column_text][\/vc_column][vc_column width=&#8221;1\/6&#8243;][\/vc_column][\/vc_row]\" \/>\n<meta property=\"og:url\" content=\"https:\/\/barodevel.com\/ca\/bechtout\/\" \/>\n<meta property=\"og:site_name\" content=\"Baro d&#039;evel\" \/>\n<meta property=\"article:publisher\" content=\"https:\/\/www.facebook.com\/barodevelcirk\/\" \/>\n<meta property=\"article:modified_time\" content=\"2018-10-04T07:45:17+00:00\" \/>\n<meta property=\"og:image\" content=\"https:\/\/barodevel.com\/wp-content\/uploads\/2018\/04\/la-micro.jpg\" \/>\n\t<meta property=\"og:image:width\" content=\"2000\" \/>\n\t<meta property=\"og:image:height\" content=\"1335\" \/>\n\t<meta property=\"og:image:type\" content=\"image\/jpeg\" \/>\n<meta name=\"twitter:card\" content=\"summary_large_image\" \/>\n<script type=\"application\/ld+json\" class=\"yoast-schema-graph\">{\"@context\":\"https:\/\/schema.org\",\"@graph\":[{\"@type\":\"WebPage\",\"@id\":\"https:\/\/barodevel.com\/ca\/bechtout\/\",\"url\":\"https:\/\/barodevel.com\/ca\/bechtout\/\",\"name\":\"Bechtout - Baro d&#039;evel\",\"isPartOf\":{\"@id\":\"https:\/\/barodevel.com\/ca\/#website\"},\"datePublished\":\"2018-04-06T08:36:06+00:00\",\"dateModified\":\"2018-10-04T07:45:17+00:00\",\"breadcrumb\":{\"@id\":\"https:\/\/barodevel.com\/ca\/bechtout\/#breadcrumb\"},\"inLanguage\":\"ca\",\"potentialAction\":[{\"@type\":\"ReadAction\",\"target\":[\"https:\/\/barodevel.com\/ca\/bechtout\/\"]}]},{\"@type\":\"BreadcrumbList\",\"@id\":\"https:\/\/barodevel.com\/ca\/bechtout\/#breadcrumb\",\"itemListElement\":[{\"@type\":\"ListItem\",\"position\":1,\"name\":\"Accueil\",\"item\":\"https:\/\/barodevel.com\/ca\/\"},{\"@type\":\"ListItem\",\"position\":2,\"name\":\"Bechtout\"}]},{\"@type\":\"WebSite\",\"@id\":\"https:\/\/barodevel.com\/ca\/#website\",\"url\":\"https:\/\/barodevel.com\/ca\/\",\"name\":\"Baro d&#039;evel\",\"description\":\"\",\"publisher\":{\"@id\":\"https:\/\/barodevel.com\/ca\/#organization\"},\"potentialAction\":[{\"@type\":\"SearchAction\",\"target\":{\"@type\":\"EntryPoint\",\"urlTemplate\":\"https:\/\/barodevel.com\/ca\/?s={search_term_string}\"},\"query-input\":{\"@type\":\"PropertyValueSpecification\",\"valueRequired\":true,\"valueName\":\"search_term_string\"}}],\"inLanguage\":\"ca\"},{\"@type\":\"Organization\",\"@id\":\"https:\/\/barodevel.com\/ca\/#organization\",\"name\":\"Baro d'evel\",\"url\":\"https:\/\/barodevel.com\/ca\/\",\"logo\":{\"@type\":\"ImageObject\",\"inLanguage\":\"ca\",\"@id\":\"https:\/\/barodevel.com\/ca\/#\/schema\/logo\/image\/\",\"url\":\"https:\/\/barodevel.com\/wp-content\/uploads\/2018\/04\/baro-logo-mentions-legales-200.png\",\"contentUrl\":\"https:\/\/barodevel.com\/wp-content\/uploads\/2018\/04\/baro-logo-mentions-legales-200.png\",\"width\":200,\"height\":200,\"caption\":\"Baro d'evel\"},\"image\":{\"@id\":\"https:\/\/barodevel.com\/ca\/#\/schema\/logo\/image\/\"},\"sameAs\":[\"https:\/\/www.facebook.com\/barodevelcirk\/\",\"https:\/\/www.instagram.com\/barodevel\/\"]}]}<\/script>\n<!-- \/ Yoast SEO plugin. -->","yoast_head_json":{"title":"Bechtout - Baro d&#039;evel","robots":{"index":"index","follow":"follow","max-snippet":"max-snippet:-1","max-image-preview":"max-image-preview:large","max-video-preview":"max-video-preview:-1"},"canonical":"https:\/\/barodevel.com\/ca\/bechtout\/","og_locale":"ca_ES","og_type":"article","og_title":"Bechtout - Baro d&#039;evel","og_description":"[vc_row padding_bottom_multiplier=&#8221;3x&#8221;][vc_column width=&#8221;1\/6&#8243;][\/vc_column][vc_column width=&#8221;2\/3&#8243; z_index=&#8221;2&#8243; css=&#8221;.vc_custom_1521985136517{padding-right: 10px !important;padding-left: 10px !important;}&#8221;][vc_column_text text_style=&#8221;leader-text&#8221;] SPECTACLE CR\u00c9\u00c9 EN \u00e7\u00f9\u00f9\u00e8 [\/vc_column_text][vc_empty_space height=&#8221;55&#8243;][vc_column_text]Distribution : Adria Cordoncillo, Camille Decourtye, Mathieu Levavasseur, Bla\u00ef Mateu Trias, William Valet, Nicolas Lourdelle, Mathias Tiberghien.[\/vc_column_text][\/vc_column][vc_column width=&#8221;1\/6&#8243;][\/vc_column][\/vc_row]","og_url":"https:\/\/barodevel.com\/ca\/bechtout\/","og_site_name":"Baro d&#039;evel","article_publisher":"https:\/\/www.facebook.com\/barodevelcirk\/","article_modified_time":"2018-10-04T07:45:17+00:00","og_image":[{"width":2000,"height":1335,"url":"https:\/\/barodevel.com\/wp-content\/uploads\/2018\/04\/la-micro.jpg","type":"image\/jpeg"}],"twitter_card":"summary_large_image","schema":{"@context":"https:\/\/schema.org","@graph":[{"@type":"WebPage","@id":"https:\/\/barodevel.com\/ca\/bechtout\/","url":"https:\/\/barodevel.com\/ca\/bechtout\/","name":"Bechtout - Baro d&#039;evel","isPartOf":{"@id":"https:\/\/barodevel.com\/ca\/#website"},"datePublished":"2018-04-06T08:36:06+00:00","dateModified":"2018-10-04T07:45:17+00:00","breadcrumb":{"@id":"https:\/\/barodevel.com\/ca\/bechtout\/#breadcrumb"},"inLanguage":"ca","potentialAction":[{"@type":"ReadAction","target":["https:\/\/barodevel.com\/ca\/bechtout\/"]}]},{"@type":"BreadcrumbList","@id":"https:\/\/barodevel.com\/ca\/bechtout\/#breadcrumb","itemListElement":[{"@type":"ListItem","position":1,"name":"Accueil","item":"https:\/\/barodevel.com\/ca\/"},{"@type":"ListItem","position":2,"name":"Bechtout"}]},{"@type":"WebSite","@id":"https:\/\/barodevel.com\/ca\/#website","url":"https:\/\/barodevel.com\/ca\/","name":"Baro d&#039;evel","description":"","publisher":{"@id":"https:\/\/barodevel.com\/ca\/#organization"},"potentialAction":[{"@type":"SearchAction","target":{"@type":"EntryPoint","urlTemplate":"https:\/\/barodevel.com\/ca\/?s={search_term_string}"},"query-input":{"@type":"PropertyValueSpecification","valueRequired":true,"valueName":"search_term_string"}}],"inLanguage":"ca"},{"@type":"Organization","@id":"https:\/\/barodevel.com\/ca\/#organization","name":"Baro d'evel","url":"https:\/\/barodevel.com\/ca\/","logo":{"@type":"ImageObject","inLanguage":"ca","@id":"https:\/\/barodevel.com\/ca\/#\/schema\/logo\/image\/","url":"https:\/\/barodevel.com\/wp-content\/uploads\/2018\/04\/baro-logo-mentions-legales-200.png","contentUrl":"https:\/\/barodevel.com\/wp-content\/uploads\/2018\/04\/baro-logo-mentions-legales-200.png","width":200,"height":200,"caption":"Baro d'evel"},"image":{"@id":"https:\/\/barodevel.com\/ca\/#\/schema\/logo\/image\/"},"sameAs":["https:\/\/www.facebook.com\/barodevelcirk\/","https:\/\/www.instagram.com\/barodevel\/"]}]}},"_links":{"self":[{"href":"https:\/\/barodevel.com\/ca\/wp-json\/wp\/v2\/pages\/4747","targetHints":{"allow":["GET"]}}],"collection":[{"href":"https:\/\/barodevel.com\/ca\/wp-json\/wp\/v2\/pages"}],"about":[{"href":"https:\/\/barodevel.com\/ca\/wp-json\/wp\/v2\/types\/page"}],"author":[{"embeddable":true,"href":"https:\/\/barodevel.com\/ca\/wp-json\/wp\/v2\/users\/2"}],"replies":[{"embeddable":true,"href":"https:\/\/barodevel.com\/ca\/wp-json\/wp\/v2\/comments?post=4747"}],"version-history":[{"count":0,"href":"https:\/\/barodevel.com\/ca\/wp-json\/wp\/v2\/pages\/4747\/revisions"}],"wp:attachment":[{"href":"https:\/\/barodevel.com\/ca\/wp-json\/wp\/v2\/media?parent=4747"}],"curies":[{"name":"wp","href":"https:\/\/api.w.org\/{rel}","templated":true}]}}